{"id":547,"date":"2023-01-28T17:31:17","date_gmt":"2023-01-28T16:31:17","guid":{"rendered":"https:\/\/okinawasoins.alwaysdata.net\/?page_id=547"},"modified":"2023-03-14T14:43:59","modified_gmt":"2023-03-14T13:43:59","slug":"soins-energetiques-interets-mots-cles","status":"publish","type":"page","link":"https:\/\/therapy-deokinaw-abzh.com\/?page_id=547","title":{"rendered":"Soins Energ\u00e9tiques : Int\u00e9r\u00eats &#038; Mots-Cl\u00e9s"},"content":{"rendered":"\t\t<div data-elementor-type=\"wp-page\" data-elementor-id=\"547\" class=\"elementor elementor-547\">\n\t\t\t\t\t\t<section class=\"elementor-section elementor-top-section elementor-element elementor-element-61b647e5 elementor-section-boxed elementor-section-height-default elementor-section-height-default\" data-id=\"61b647e5\" data-element_type=\"section\" data-e-type=\"section\">\n\t\t\t\t\t\t<div class=\"elementor-container elementor-column-gap-default\">\n\t\t\t\t\t<div class=\"elementor-column elementor-col-100 elementor-top-column elementor-element elementor-element-29fff41d\" data-id=\"29fff41d\" data-element_type=\"column\" data-e-type=\"column\">\n\t\t\t<div class=\"elementor-widget-wrap elementor-element-populated\">\n\t\t\t\t\t\t<div class=\"elementor-element elementor-element-69549194 elementor-widget elementor-widget-text-editor\" data-id=\"69549194\" data-element_type=\"widget\" data-e-type=\"widget\" data-widget_type=\"text-editor.default\">\n\t\t\t\t<div class=\"elementor-widget-container\">\n\t\t\t\t\t\t\t\t\t<p><\/p>\n<p>Chaque <strong>Point Energ\u00e9tique<\/strong> a une symbolique. Le praticien va effectuer une s\u00e9rie d&#8217;appositions des mains. L&#8217;Energie traverse (entre devant et dos) : on peut traiter toutes les positions.<\/p>\n<p><\/p>\n<p><\/p>\n<ul class=\"wp-block-list\">\n<li style=\"list-style-type: none;\">\n<ul><\/ul>\n<\/li>\n<\/ul>\n<ul>\n<li style=\"list-style-type: none;\">\n<ul>\n<li><strong>SCAN DU CORPS<\/strong> : chercher les ressentis sur tout le corps (noeuds, failles, sensation chaud, froid, etc), envoyer de l&#8217;Energie \u00e0 un maximum d&#8217;endroits \u00e0 une 20aine de cm du corps.<\/li>\n<\/ul>\n<\/li>\n<\/ul>\n<p><\/p>\n<p><\/p>\n<ul>\n<li style=\"list-style-type: none;\">\n<ul>\n<li>choix des <strong>Cl\u00e9s Energ\u00e9tiques et Symboles<\/strong>&nbsp;en fonction des ressentis.<\/li>\n<\/ul>\n<\/li>\n<\/ul>\n<p><\/p>\n<p><\/p>\n<ul>\n<li style=\"list-style-type: none;\">\n<ul>\n<li>Envoi de l&#8217;Energie au<strong> Coeur<\/strong> ; l&#8217;<strong>Energie<\/strong> va sur le Coeur.<\/li>\n<\/ul>\n<\/li>\n<\/ul>\n<p><\/p>\n<p><\/p>\n<ul>\n<li style=\"list-style-type: none;\">\n<ul>\n<li><strong>Connexion <\/strong>\u00e0 la personne.<\/li>\n<\/ul>\n<\/li>\n<\/ul>\n<p><\/p>\n<p><\/p>\n<ul>\n<li style=\"list-style-type: none;\">\n<ul>\n<li><strong>Ressenti de l&#8217;Energie<\/strong> de l&#8217;autre.<\/li>\n<\/ul>\n<\/li>\n<\/ul>\n<p><\/p>\n<p><\/p>\n<ul>\n<li style=\"list-style-type: none;\">\n<ul>\n<li>Soins au niveau des <strong>EPAULES<\/strong>, <strong>chakra des omoplates (chakra des anges),<\/strong> pour d\u00e9tendre la personne; transmutation spirituelle d&#8217;\u00e9nergie : libert\u00e9, foi et confiance en soi (quand on en porte trop sur les \u00e9paules), on s&#8217;\u00e9l\u00e8ve.<\/li>\n<\/ul>\n<\/li>\n<\/ul>\n<p><\/p>\n<p><\/p>\n<ul>\n<li style=\"list-style-type: none;\">\n<ul>\n<li><strong>TETE <\/strong>: tr\u00e8s important. Il se passe beaucoup de choses au niveau de la t\u00eate.<\/li>\n<\/ul>\n<\/li>\n<\/ul>\n<p><\/p>\n<p><\/p>\n<ul>\n<li style=\"list-style-type: none;\">\n<ul>\n<li><strong>YEUX<\/strong> : maladie des yeux (vue, couleur, luminosit\u00e9, cataracte,glaucome, conjonctivite), rhume, sinus, allergie, fi\u00e8vre, nerfs du cerveau, hypophyse qui contr\u00f4le les autres glandes, maux de t\u00eate, m\u00e9ridien de la vessie, de l&#8217;estomac et de la v\u00e9sicule biliaire. Calme le mental, d\u00e9congestion du <strong>3\u00e8me oeil<\/strong>, visualisation, intuition.<\/li>\n<\/ul>\n<\/li>\n<\/ul>\n<p><\/p>\n<p><\/p>\n<ul>\n<li style=\"list-style-type: none;\">\n<ul>\n<li><strong>TEMPES, OREILLES<\/strong> : \u00e9quilibre les 2 h\u00e9misph\u00e8res (droit : intuition,sagesse) &amp; gauche : analyse, logique) du cerveau , migraine, glandes pin\u00e9ale, pituitaire et l&#8217;hypothalamus (6\u00e8me sens). M\u00e9ridien v\u00e9sicule biliaire, probl\u00e8mes moteurs, coordination, lat\u00e9ralit\u00e9, stress, d\u00e9pression, clarifie les pens\u00e9es, incidence , sur sur tous les organes, articulations, auditions, otites, bourdonnement, \u00e9quilibre etc.<\/li>\n<\/ul>\n<\/li>\n<\/ul>\n<p><\/p>\n<p><\/p>\n<ul>\n<li style=\"list-style-type: none;\">\n<ul>\n<li><strong>MAINS SOUS LA TETE <\/strong>: position de l&#8217;accoucheur, occiput et bulbe rachidien (chakra de l&#8217;intention : d\u00e9tend , m\u00e9ridien de la v\u00e9sicule biliaire, soulage les peurs, l&#8217;anxi\u00e9t\u00e9, s\u00e9r\u00e9nit\u00e9, l\u00e2cher prise, favorise l&#8217;intuition..<\/li>\n<\/ul>\n<\/li>\n<\/ul>\n<p><\/p>\n<p><\/p>\n<ul>\n<li style=\"list-style-type: none;\">\n<ul>\n<li><strong>GORGE<\/strong> : Chakra Gorge, aide \u00e0 dire ce que l&#8217;on a \u00e0 dire, tous les maux de gorge, thyro\u00efde, palpitation, le poids, circulation, cervicales, b\u00e9gaiement, difficult\u00e9s d&#8217;expression, estime de soi, ouverture, joie int\u00e9rieure, rancune, frustration, tensions, cr\u00e9ativit\u00e9, t\u00e9l\u00e9pathie, les fameux non-dits, claire-audience, capacit\u00e9 \u00e0 s&#8217;exprimer, sentiments, sexualit\u00e9.<\/li>\n<\/ul>\n<\/li>\n<\/ul>\n<p><\/p>\n<p><\/p>\n<ul>\n<li style=\"list-style-type: none;\">\n<ul>\n<li><strong>HAUT DE LA TETE <\/strong>: chakra coronal, maux t\u00eate, crampes abdominales, stress, \u00e9motion, connexion avec les dimensions sup\u00e9rieures, s\u00e9r\u00e9nit\u00e9s, chocs traumatiques.<\/li>\n<\/ul>\n<\/li>\n<\/ul>\n<p><\/p>\n<p><\/p>\n<ul>\n<li style=\"list-style-type: none;\">\n<ul>\n<li><strong>DEVANT LE CORPS<\/strong> (<strong>THORAX, ABDOMEN<\/strong>) Poitrine (omoplates), Bras : Epaule- pli du coude- poignets &amp; creux des mains (<strong>sous-chakras)<\/strong> : sens artistique, partager vos cr\u00e9ations.<\/li>\n<\/ul>\n<\/li>\n<\/ul>\n<p><\/p>\n<p><\/p>\n<ul>\n<li style=\"list-style-type: none;\">\n<ul>\n<li><strong>COEUR<\/strong> : Mains sur le Coeur : ouverture, petites maladies, bronchites, trach\u00e9ites, asthme, toux, oed\u00e8mes pulmonaires, agit sur le Thymus (petit trou en bas de la gorge), renforce le syst\u00e8me immunitaire et lymphatique, d\u00e9tente, apaisement, joie, sentiments de compassion, g\u00e9n\u00e9rosit\u00e9, M\u00e9ridien Yin (estomac).<\/li>\n<\/ul>\n<\/li>\n<\/ul>\n<p><\/p>\n<p><\/p>\n<ul>\n<li style=\"list-style-type: none;\">\n<ul>\n<li><strong>PLEXUS SOLAIRE<\/strong> : foie, estomac, rate , v\u00e9sicule, pancr\u00e9as, colons, troubles h\u00e9patiques, diab\u00e8te, hypoglyc\u00e9mie, digestion, ulc\u00e8res, nervosit\u00e9, choc \u00e9motionnel, affirmation de soi, rayonner, \u00eatre, faire, li\u00e9 au Monde, notre image dans le Monde. Apaisement : 1 main devant &#8211; 1 main derri\u00e8re.<\/li>\n<\/ul>\n<\/li>\n<\/ul>\n<p><\/p>\n<p><\/p>\n<ul>\n<li style=\"list-style-type: none;\">\n<ul>\n<li><strong>BAS DU VENTRE (NOMBRIL)<\/strong> : ancrage \u00e0 notre maman, fil d&#8217;or \u00e0 la terre, en lien avec le second chakra, colon, intestin, migraine, digestion, troubles des r\u00e8gles, transit, d\u00e9toxifie, d\u00e9velopper auto-gu\u00e9rison, d\u00e9pression, tensions \u00e9motionnelles, sch\u00e9mas r\u00e9p\u00e9titifs, fausses croyances, adaptation, r\u00e9silience, organes g\u00e9nitaux, couple, sexualit\u00e9, <b>endroit du Sacr\u00e9<\/b>, pouvoir int\u00e9rieur, lib\u00e8re les d\u00e9chets physiques et mentaux.<\/li>\n<\/ul>\n<\/li>\n<\/ul>\n<p><\/p>\n<p><\/p>\n<ul>\n<li style=\"list-style-type: none;\">\n<ul>\n<li><b>CHAKRA RACINE&nbsp;<\/b>&nbsp;(entre les organes g\u00e9nitaux) : <b>Premier chakra,<\/b>&nbsp;ovaires, ut\u00e9rus, trompes, glande s\u00e9minale, cystite, probl\u00e8mes sur les ovaires, vessie, crampes, r\u00e8gles douloureuses &amp; irr\u00e9guli\u00e8res, mauvaise circulation dans les jambes, jambes lourdes, les mains froides,&nbsp; varices, m\u00e9nopause, tension nerveuse, ins\u00e9curit\u00e9, l\u00e9gitimit\u00e9 \u00e0 \u00eatre, peur de manque, angoisse par rapport \u00e0 la vie, stabilit\u00e9, confiance, vitalit\u00e9, enracinement \u00e0 la terre, aspect ext\u00e9rieur, m\u00e9tier, argent, foyer. Si\u00e8ge des tensions, des souffrances conserv\u00e9es. (<b>sous-chakra : hanche-genou- cheville<\/b>) libert\u00e9 sexuelle, probl\u00e8me de libido, (genou: soumission face \u00e0 la vie, et au d\u00e9sir des autres, reprendre notre vie, on d\u00e9cide de comment et quelle direction on veut aller).<\/li>\n<\/ul>\n<\/li>\n<\/ul>\n<p><\/p>\n<p><\/p>\n<ul>\n<li style=\"list-style-type: none;\">\n<ul>\n<li><strong>DOS <\/strong>: on travaille les m\u00eames positions, nuque, colonne vert\u00e9brale , on s&#8217;attaque aux douleurs du dos, on se concentre sur ce qui est lourd (plein le dos). On lib\u00e8re les tensions, l&#8217;\u00e9motionnel, lourdeur affective,manque affectif, reins : glandes surr\u00e9nales. (nuque- premier chakra : b\u00e2ton de feu , envoi d&#8217;\u00e9nergie dans toute la colonne vert\u00e9brale) prostate, nerf sciatique, coccys, h\u00e9morro\u00efdes (effet calmant).<\/li>\n<\/ul>\n<\/li>\n<\/ul>\n<p><\/p>\n<p><\/p>\n<ul>\n<li style=\"list-style-type: none;\">\n<ul>\n<li><strong>PIEDS <\/strong>: <strong>chakra dit mineur <\/strong>mais important ; lien entre la terre, tous les autres chakras et l&#8217;Univers. sous la plante des pieds, gouvern\u00e9 par le chakra racine , connexion de notre corps avec les \u00e9l\u00e9ments et l&#8217;\u00e9quilibre des autres chakras. envoi des \u00e9nergies n\u00e9gatives vers la terre, croissance de l&#8217;aura et du taux vibratoire, ancrage \u00e0 la terre. Sensation de planer, \u00e0 c\u00f4t\u00e9 de ses pompes, manque d&#8217;enracinement, m\u00e9connaissance de nos besoins.<\/li>\n<\/ul>\n<\/li>\n<\/ul>\n<p><\/p>\n<p><\/p>\n<ul>\n<li style=\"list-style-type: none;\">\n<ul>\n<li><b>Lissage de l&#8217;AURA.<\/b><\/li>\n<\/ul>\n<\/li>\n<\/ul>\n<p><\/p>\n<p><\/p>\n<ul>\n<li style=\"list-style-type: none;\">\n<ul>\n<li>Redynamisation de la personne : travailler \u00e0 r\u00e9g\u00e9n\u00e9rer le sang&#8230;<\/li>\n<\/ul>\n<\/li>\n<\/ul>\n<p><\/p>\n<p><\/p>\n<ul>\n<li style=\"list-style-type: none;\">\n<ul>\n<li>Brossage.<\/li>\n<\/ul>\n<\/li>\n<\/ul>\n<p><\/p>\n<p><\/p>\n<ul>\n<li style=\"list-style-type: none;\">\n<ul>\n<li>On remonte l&#8217;aura de la personne pour qu&#8217;elle soit l\u00e0, ici et maintenant.<\/li>\n<\/ul>\n<\/li>\n<\/ul>\n<p><\/p>\n<p><\/p>\n<ul>\n<li style=\"list-style-type: none;\">\n<ul>\n<li>Conseil : boire un peu plus d&#8217;eau ; aide \u00e0 d\u00e9toxifier le corps.<\/li>\n<\/ul>\n<\/li>\n<\/ul>\n<p><\/p>\n<p><\/p>\t\t\t\t\t\t\t\t<\/div>\n\t\t\t\t<\/div>\n\t\t\t\t\t<\/div>\n\t\t<\/div>\n\t\t\t\t\t<\/div>\n\t\t<\/section>\n\t\t\t\t<\/div>\n\t\t","protected":false},"excerpt":{"rendered":"<p>Chaque Point Energ\u00e9tique a une symbolique. Le praticien va effectuer une s\u00e9rie d&#8217;appositions des mains. L&#8217;Energie traverse (entre devant et dos) : on peut traiter&#8230;<\/p>\n<div class=\"more-link-wrapper\"><a class=\"more-link\" href=\"https:\/\/therapy-deokinaw-abzh.com\/?page_id=547\">Continue reading<span class=\"screen-reader-text\">Soins Energ\u00e9tiques : Int\u00e9r\u00eats &#038; Mots-Cl\u00e9s<\/span><\/a><\/div>\n","protected":false},"author":1,"featured_media":0,"parent":0,"menu_order":0,"comment_status":"closed","ping_status":"closed","template":"","meta":{"footnotes":""},"class_list":["post-547","page","type-page","status-publish","hentry","entry"],"_links":{"self":[{"href":"https:\/\/therapy-deokinaw-abzh.com\/index.php?rest_route=\/wp\/v2\/pages\/547","targetHints":{"allow":["GET"]}}],"collection":[{"href":"https:\/\/therapy-deokinaw-abzh.com\/index.php?rest_route=\/wp\/v2\/pages"}],"about":[{"href":"https:\/\/therapy-deokinaw-abzh.com\/index.php?rest_route=\/wp\/v2\/types\/page"}],"author":[{"embeddable":true,"href":"https:\/\/therapy-deokinaw-abzh.com\/index.php?rest_route=\/wp\/v2\/users\/1"}],"replies":[{"embeddable":true,"href":"https:\/\/therapy-deokinaw-abzh.com\/index.php?rest_route=%2Fwp%2Fv2%2Fcomments&post=547"}],"version-history":[{"count":17,"href":"https:\/\/therapy-deokinaw-abzh.com\/index.php?rest_route=\/wp\/v2\/pages\/547\/revisions"}],"predecessor-version":[{"id":631,"href":"https:\/\/therapy-deokinaw-abzh.com\/index.php?rest_route=\/wp\/v2\/pages\/547\/revisions\/631"}],"wp:attachment":[{"href":"https:\/\/therapy-deokinaw-abzh.com\/index.php?rest_route=%2Fwp%2Fv2%2Fmedia&parent=547"}],"curies":[{"name":"wp","href":"https:\/\/api.w.org\/{rel}","templated":true}]}}