{"id":517,"date":"2023-02-15T15:36:57","date_gmt":"2023-02-15T14:36:57","guid":{"rendered":"https:\/\/okinawasoins.alwaysdata.net\/?page_id=517"},"modified":"2023-03-11T17:31:47","modified_gmt":"2023-03-11T16:31:47","slug":"mentions-legales","status":"publish","type":"page","link":"https:\/\/therapy-deokinaw-abzh.com\/?page_id=517","title":{"rendered":"Mentions l\u00e9gales"},"content":{"rendered":"\n<div class=\"wp-block-columns is-layout-flex wp-container-core-columns-is-layout-9d6595d7 wp-block-columns-is-layout-flex\">\n<div class=\"wp-block-column is-layout-flow wp-block-column-is-layout-flow\">\n<p>Conform\u00e9ment aux dispositions de la loi N\u00b02004-575 du 21 Juin 2004, pour la confiance en l&#8217;\u00e9conomie num\u00e9rique, il pourra \u00eatre pr\u00e9cis\u00e9 aux utilisateurs du site<strong> OKINAWASOINS<\/strong> l&#8217;identit\u00e9 des intervenants dans le cadre de sa r\u00e9alisation et de son suivi sur simple demande.  <\/p>\n\n\n\n<p><\/p>\n\n\n\n<p><strong>H\u00e9bergement<\/strong> :<\/p>\n\n\n\n<p>le site est h\u00e9berg\u00e9 par la soci\u00e9t\u00e9 ALWAYSDATA :<\/p>\n\n\n\n<p><a href=\"https:\/\/www.societe.com\/societe\/alwaysdata-492893490.html\">ALWAYSDATA<\/a>, <a href=\"https:\/\/www.societe.com\/entreprises\/91_rue%20du%20faubourg%20saint%20honore\/75008_PARIS.html\">91 RUE DU FAUBOURG SAINT HONORE 75008 PARIS<\/a>, Soci\u00e9t\u00e9 \u00e0 responsabilit\u00e9 limit\u00e9e, immatricul\u00e9e sous le SIREN 492893490, est active depuis 16 ans. \u00c9tablie \u00e0 PARIS (75008), elle est sp\u00e9cialis\u00e9e dans le secteur d&#8217;activit\u00e9 du traitement de donn\u00e9es, h\u00e9bergement et activit\u00e9s connexes. Son effectif&nbsp;est compris entre 3 et 5 salari\u00e9s.&nbsp;Sur l&#8217;ann\u00e9e 2016 elle r\u00e9alise un chiffre d&#8217;affaires de&nbsp;<a href=\"https:\/\/www.societe.com\/bilan\/alwaysdata-492893490201612311.html\">610&nbsp;300,00 \u20ac<\/a>. Societe.com recense&nbsp;<a href=\"https:\/\/www.societe.com\/etablissements\/alwaysdata-492893490.html\">4&nbsp;\u00e9tablissements<\/a><a href=\"https:\/\/www.societe.com\/documents-officiels\/alwaysdata-492893490.html\"> ainsi que<\/a><a href=\"https:\/\/www.societe.com\/dirigeants\/alwaysdata-492893490.html\">4 mandataires<\/a>&nbsp;depuis le d\u00e9but de son activit\u00e9, le&nbsp;<a href=\"https:\/\/www.societe.com\/documents-officiels\/alwaysdata-492893490.html\">dernier \u00e9v\u00e9nement<\/a>&nbsp;notable de cette entreprise date du 05-08-2020.&nbsp;<a href=\"https:\/\/dirigeant.societe.com\/dirigeant\/Cyril.BAY.68221406.html\">Cyril BAY<\/a>&nbsp;,&nbsp;<a href=\"https:\/\/dirigeant.societe.com\/dirigeant\/Nicolas.FERRARI.66830482.html\">Nicolas FERRARI<\/a>&nbsp;et&nbsp;<a href=\"https:\/\/dirigeant.societe.com\/dirigeant\/Xavier.LE_FLOCH.64978002.html\">Xavier LE FLOCH<\/a>&nbsp;sont g\u00e9rants de la soci\u00e9t\u00e9 ALWAYSDATA.<\/p>\n\n\n\n<p>Les mots &#8216;traitement&#8217; et &#8216;soin&#8217; sont quelques fois utilis\u00e9s sur le site <strong>OKINAWASOINS<\/strong>. Il s&#8217;agit de traitements ou de soins \u00e9nerg\u00e9tiques, et non d&#8217;un autre type de traitement, quel qu&#8217;il soit.<\/p>\n\n\n\n<p><strong>Donn\u00e9es personnelles<\/strong> :<\/p>\n\n\n\n<p><strong>OKINAWASOINS<\/strong> s\u2019engage \u00e0 prot\u00e9ger la vie priv\u00e9e de ses utilisateurs dans le respect des r\u00e9glementations en vigueur et en particulier de la loi dite \u00ab Informatique et Libert\u00e9s \u00bb n\u00b0 78-17 du 6 janvier 1978 modifi\u00e9e le 6 ao\u00fbt 2004 et au RGPD (R\u00e8glement (UE) N\u00b02016\/679 du 27 avril 2016 relatif \u00e0 la protection des donn\u00e9es \u00e0 caract\u00e8re personnel, dit RGPD), conform\u00e9ment \u00e0 sa Politique de protection des donn\u00e9es personnelles visible.<\/p>\n\n\n\n<p>Toute personne dispose d&#8217;un droit d&#8217;acc\u00e8s, de modification, de rectification et de suppression des donn\u00e9es qui la concerne. Pour exercer ce droit, vous pouvez vous adresser \u00e0 :<\/p>\n\n\n\n<p>Le traitement de vos donn\u00e9es \u00e0 caract\u00e8re personnel est r\u00e9gi par notre charte du respect de la vie priv\u00e9e, conform\u00e9ment au R\u00e9glement G\u00e9n\u00e9ral  sur la protection des donn\u00e9es 2016\/679 du 27 Avril 2016 (RGPD). <\/p>\n\n\n\n<p>Dans les formulaires de collecte de donn\u00e9es \u00e0 caract\u00e8re personnel, l\u2019internaute est inform\u00e9 du caract\u00e8re obligatoire ou non de la collecte des donn\u00e9es. Tout refus de communiquer des informations obligatoires rendra impossible l\u2019envoi de la requ\u00eate et le traitement de la demande.<\/p>\n\n\n\n<p class=\"has-text-align-center\"><strong>La pr\u00e9sente charte sur le respect de la vie priv\u00e9e a pour objectif de formaliser notre engagement quant au respect de la vie priv\u00e9e des utilisateurs du site internet&nbsp;OKINAWASOINS.<\/strong><\/p>\n\n\n\n<p>A \u2013 <em><strong>Finalit\u00e9s<\/strong><\/em><\/p>\n\n\n\n<p>Les principales finalit\u00e9s poursuivies dans le cadre de la collecte de donn\u00e9es personnelles par <strong>OKINAWASOINS<\/strong> sur son site peuvent se r\u00e9sumer de la mani\u00e8re suivante&nbsp;<\/p>\n\n\n\n<p>\u2022de nous contacter et de nouer une relation dans le cadre de soins \u00e9nerg\u00e9tiques sollicit\u00e9s ;<\/p>\n\n\n\n<p>\u2022de vous recontacter par t\u00e9l\u00e9phone pour des raisons de suivi de soins;<\/p>\n\n\n\n<p>\u2022d\u2019effectuer un suivi statistiques relatives \u00e0 la fr\u00e9quentation du site;<\/p>\n\n\n\n<p>\u2022de vous informer de notre actualit\u00e9;<\/p>\n\n\n\n<p>\u2022d\u2019organiser la gestion des soins que vous nous avez confi\u00e9s.<\/p>\n\n\n\n<p>B- <em><strong>Dur\u00e9e de stockage des donn\u00e9es<\/strong><\/em><\/p>\n\n\n\n<p>Les donn\u00e9es \u00e0 caract\u00e8re personnel collect\u00e9es sur le site ne sont conserv\u00e9es que sur la dur\u00e9e strictement n\u00e9cessaire au regard des finalit\u00e9s pr\u00e9c\u00e9demment expos\u00e9es. Cette dur\u00e9e sera d\u00e9termin\u00e9e en fonction des besoins sp\u00e9cifiques \u00e0 la r\u00e9alisation des soins. <\/p>\n\n\n\n<p>Pour les formulaires de contact : 3 ans apr\u00e8s le dernier contact  abouti entre OKINAWASOINS  et le contact.<\/p>\n\n\n\n<p>C- <em><strong>Partage de vos donn\u00e9es personnelles avec d\u2019autres soci\u00e9t\u00e9s<\/strong><\/em><\/p>\n\n\n\n<p>Les donn\u00e9es \u00e0 caract\u00e8re personnel collect\u00e9es sur le site sont exclusivement r\u00e9serv\u00e9es \u00e0 <strong>OKINAWASOINS<\/strong>.<\/p>\n\n\n\n<p><strong>OKINAWASOINS<\/strong> se r\u00e9serve le droit de transmettre les donn\u00e9es \u00e0 caract\u00e8re personnel des personnes concern\u00e9es afin de satisfaire \u00e0 ses obligations l\u00e9gales, et notamment si elle en \u00e9tait contrainte par r\u00e9quisition judiciaire.<\/p>\n\n\n\n<p><strong>Le Respect de vos droits<\/strong> :<\/p>\n\n\n\n<p>Conform\u00e9ment aux articles 38 \u00e0 40-1 de la loi n\u00b0 78-17 modifi\u00e9e du 6 janvier 1978 relative \u00e0 l\u2019informatique, aux fichiers et aux libert\u00e9s (dite \u00ab Loi informatique et Libert\u00e9s \u00bb), vous disposez d\u2019un droit d\u2019acc\u00e8s, de rectification, de suppression des donn\u00e9es vous concernant et d\u2019opposition \u00e0 leur traitement pour motif l\u00e9gitime.<\/p>\n\n\n\n<p><strong>Modification de la Politique de protection des donn\u00e9es<\/strong> :<\/p>\n\n\n\n<p>Nous nous r\u00e9servons le droit de modifier nos mesures de s\u00e9curit\u00e9 et de protection des donn\u00e9es si l\u2019\u00e9volution technique l\u2019exige. Nous modifierons alors \u00e9galement notre Politique de protection des donn\u00e9es. Veillez donc toujours \u00e0 consulter la version actuelle de notre Politique de protection des donn\u00e9es (V1- 1 Fev. 2023)<\/p>\n<\/div>\n<\/div>\n","protected":false},"excerpt":{"rendered":"<p>Conform\u00e9ment aux dispositions de la loi N\u00b02004-575 du 21 Juin 2004, pour la confiance en l&#8217;\u00e9conomie num\u00e9rique, il pourra \u00eatre pr\u00e9cis\u00e9 aux utilisateurs du site&#8230;<\/p>\n<div class=\"more-link-wrapper\"><a class=\"more-link\" href=\"https:\/\/therapy-deokinaw-abzh.com\/?page_id=517\">Continue reading<span class=\"screen-reader-text\">Mentions l\u00e9gales<\/span><\/a><\/div>\n","protected":false},"author":1,"featured_media":0,"parent":0,"menu_order":0,"comment_status":"closed","ping_status":"closed","template":"","meta":{"footnotes":""},"class_list":["post-517","page","type-page","status-publish","hentry","entry"],"_links":{"self":[{"href":"https:\/\/therapy-deokinaw-abzh.com\/index.php?rest_route=\/wp\/v2\/pages\/517","targetHints":{"allow":["GET"]}}],"collection":[{"href":"https:\/\/therapy-deokinaw-abzh.com\/index.php?rest_route=\/wp\/v2\/pages"}],"about":[{"href":"https:\/\/therapy-deokinaw-abzh.com\/index.php?rest_route=\/wp\/v2\/types\/page"}],"author":[{"embeddable":true,"href":"https:\/\/therapy-deokinaw-abzh.com\/index.php?rest_route=\/wp\/v2\/users\/1"}],"replies":[{"embeddable":true,"href":"https:\/\/therapy-deokinaw-abzh.com\/index.php?rest_route=%2Fwp%2Fv2%2Fcomments&post=517"}],"version-history":[{"count":3,"href":"https:\/\/therapy-deokinaw-abzh.com\/index.php?rest_route=\/wp\/v2\/pages\/517\/revisions"}],"predecessor-version":[{"id":584,"href":"https:\/\/therapy-deokinaw-abzh.com\/index.php?rest_route=\/wp\/v2\/pages\/517\/revisions\/584"}],"wp:attachment":[{"href":"https:\/\/therapy-deokinaw-abzh.com\/index.php?rest_route=%2Fwp%2Fv2%2Fmedia&parent=517"}],"curies":[{"name":"wp","href":"https:\/\/api.w.org\/{rel}","templated":true}]}}