{"id":50,"date":"2023-02-15T15:02:27","date_gmt":"2023-02-15T14:02:27","guid":{"rendered":"https:\/\/okinawasoins.alwaysdata.net\/?page_id=50"},"modified":"2023-01-28T15:08:14","modified_gmt":"2023-01-28T14:08:14","slug":"blog","status":"publish","type":"page","link":"https:\/\/therapy-deokinaw-abzh.com\/?page_id=50","title":{"rendered":"D\u00e9ontologie"},"content":{"rendered":"\n<p class=\"has-text-align-center\"><\/p>\n\n\n\n<p>Je pratique dans un endroit adapt\u00e9 <strong>ou \u00e0 distance.<\/strong><\/p>\n\n\n\n<p>Une s\u00e9ance en pr\u00e9sentiel se pratique par apposition ou imposition des mains, avec ou sans contact direct. La personne en demande reste v\u00eatue, les v\u00eatements ne g\u00eanant en rien l\u2019efficacit\u00e9 de la <strong>transmission \u00e9nerg\u00e9tique<\/strong>.<\/p>\n\n\n\n<p>Je pratique avec la personne en demande d&#8217;un <strong>soin \u00e9nerg\u00e9tique<\/strong> sans faire de diagnostic ni d\u00e9livrer de prescription.<\/p>\n\n\n\n<p>Ce n\u2019est pas un traitement m\u00e9dical, mais un renforcement <strong>\u00e9nerg\u00e9tique<\/strong>. Il ne dispense en aucun cas du suivi m\u00e9dical, sur lequel je ne dois pas me prononcer. Si n\u00e9cessaire, j\u2019encourage la personne en demande \u00e0 consulter le corps m\u00e9dical.<\/p>\n\n\n\n<p>Je garde confidentielles les informations re\u00e7ues de la personne en demande d&#8217;un <strong>soin \u00e9nerg\u00e9tique<\/strong>, quelle qu\u2019en soit la nature.<\/p>\n\n\n\n<p>Je ne pr\u00e9sente pas les <strong>soins <\/strong>comme une panac\u00e9e universelle, mais comme une <strong>pratique \u00e9nerg\u00e9tique <\/strong>d\u2019accompagnement, d\u2019ouverture et d\u2019\u00e9volution personnelle.<\/p>\n\n\n\n<p><strong>Les soins<\/strong> ne peuvent \u00eatre consid\u00e9r\u00e9s comme un acte m\u00e9dical. Il n&#8217;y a aucune prescription de quelque nature que ce soit dans la pratique<strong> \u00e9nerg\u00e9tique<\/strong>, au contraire il est important de suivre&nbsp;tout traitement m\u00e9dical et d&#8217;avoir un suivi de son m\u00e9decin traitant.<\/p>\n\n\n\n<p>Les <strong>praticiens en \u00e9nerg\u00e9tique <\/strong>ne sont pas m\u00e9decins : Ils ne doivent pas vous faire arr\u00eater un traitement m\u00e9dical. Ils compl\u00e8tent la m\u00e9decine classique mais ne la remplacent pas.<\/p>\n\n\n\n<ul class=\"wp-block-list\">\n<li>Un <strong>\u00e9nerg\u00e9ticien<\/strong> s\u00e9rieux ne promet pas l\u2019impossible et ne vous fera jamais arr\u00eater votre traitement<\/li>\n\n\n\n<li>Son r\u00f4le est de soulager et d\u2019am\u00e9liorer le bien-\u00eatre des personnes<\/li>\n\n\n\n<li>Le bouche \u00e0 oreille permet d\u2019avoir des retours positifs sur un <strong>th\u00e9rapeute<\/strong>, surtout si plusieurs avis convergent.<\/li>\n<\/ul>\n\n\n\n<p>LES <strong>SOINS ENERGETIQUES  PRATIQUES<\/strong> NE REMPLACENT EN AUCUN CAS UN SUIVI MEDICAL ET NE SE SUBSTITUENT PAS NON PLUS A UN TRAITEMENT MEDICAL PRESCRIT PAR UN MEDECIN. TOUT TRAITEMENT MEDICAL DOIT ETRE POURSUIVI SCRUPULEUSEMENT.<\/p>\n\n\n\n<p>ILS PEUVENT ETRE COMPLEMENTAIRES A TOUTE THERAPIE CONVENTIONNELLE OU NON.<\/p>\n\n\n\n<figure class=\"wp-block-image size-full\"><img fetchpriority=\"high\" decoding=\"async\" width=\"640\" height=\"354\" src=\"https:\/\/okinawasoins.alwaysdata.net\/wp-content\/uploads\/2022\/10\/16293830955791498861470907778027-1.jpg\" alt=\"\" class=\"wp-image-334\" srcset=\"https:\/\/therapy-deokinaw-abzh.com\/wp-content\/uploads\/2022\/10\/16293830955791498861470907778027-1.jpg 640w, https:\/\/therapy-deokinaw-abzh.com\/wp-content\/uploads\/2022\/10\/16293830955791498861470907778027-1-300x166.jpg 300w\" sizes=\"(max-width: 640px) 100vw, 640px\" \/><\/figure>\n\n\n\n<p>Selon l&#8217;article L416-1 de la sant\u00e9 publique concernant l&#8217;exercice ill\u00e9gal de la m\u00e9decine, en qualit\u00e9 de Praticienne Energ\u00e9tique (REIKI, LITOTHERAPIE, MAGNETISME)  pratiquant en France :  <\/p>\n\n\n\n<ul class=\"wp-block-list\">\n<li>je ne formule pas de diagnostic ;<\/li>\n\n\n\n<li>je ne propose pas de m\u00e9dicaments ; <\/li>\n\n\n\n<li>je ne fais jamais arr\u00eater un traitement m\u00e9dical en cours ;<\/li>\n\n\n\n<li>je ne donne  jamais aucun avis sur un traitement m\u00e9dical en cours ;<\/li>\n\n\n\n<li>je ne m&#8217;oppose jamais  \u00e0 une intervention chirurgicale.<\/li>\n<\/ul>\n","protected":false},"excerpt":{"rendered":"<p>Je pratique dans un endroit adapt\u00e9 ou \u00e0 distance. Une s\u00e9ance en pr\u00e9sentiel se pratique par apposition ou imposition des mains, avec ou sans contact&#8230;<\/p>\n<div class=\"more-link-wrapper\"><a class=\"more-link\" href=\"https:\/\/therapy-deokinaw-abzh.com\/?page_id=50\">Continue reading<span class=\"screen-reader-text\">D\u00e9ontologie<\/span><\/a><\/div>\n","protected":false},"author":1,"featured_media":46,"parent":0,"menu_order":0,"comment_status":"closed","ping_status":"closed","template":"","meta":{"footnotes":""},"class_list":["post-50","page","type-page","status-publish","has-post-thumbnail","hentry","entry"],"_links":{"self":[{"href":"https:\/\/therapy-deokinaw-abzh.com\/index.php?rest_route=\/wp\/v2\/pages\/50","targetHints":{"allow":["GET"]}}],"collection":[{"href":"https:\/\/therapy-deokinaw-abzh.com\/index.php?rest_route=\/wp\/v2\/pages"}],"about":[{"href":"https:\/\/therapy-deokinaw-abzh.com\/index.php?rest_route=\/wp\/v2\/types\/page"}],"author":[{"embeddable":true,"href":"https:\/\/therapy-deokinaw-abzh.com\/index.php?rest_route=\/wp\/v2\/users\/1"}],"replies":[{"embeddable":true,"href":"https:\/\/therapy-deokinaw-abzh.com\/index.php?rest_route=%2Fwp%2Fv2%2Fcomments&post=50"}],"version-history":[{"count":14,"href":"https:\/\/therapy-deokinaw-abzh.com\/index.php?rest_route=\/wp\/v2\/pages\/50\/revisions"}],"predecessor-version":[{"id":539,"href":"https:\/\/therapy-deokinaw-abzh.com\/index.php?rest_route=\/wp\/v2\/pages\/50\/revisions\/539"}],"wp:featuredmedia":[{"embeddable":true,"href":"https:\/\/therapy-deokinaw-abzh.com\/index.php?rest_route=\/wp\/v2\/media\/46"}],"wp:attachment":[{"href":"https:\/\/therapy-deokinaw-abzh.com\/index.php?rest_route=%2Fwp%2Fv2%2Fmedia&parent=50"}],"curies":[{"name":"wp","href":"https:\/\/api.w.org\/{rel}","templated":true}]}}