{"id":422,"date":"2022-10-16T13:59:35","date_gmt":"2022-10-16T11:59:35","guid":{"rendered":"https:\/\/okinawasoins.alwaysdata.net\/?page_id=422"},"modified":"2023-03-15T18:52:54","modified_gmt":"2023-03-15T17:52:54","slug":"conditions-de-prise-en-charge-a-distance","status":"publish","type":"page","link":"https:\/\/therapy-deokinaw-abzh.com\/?page_id=422","title":{"rendered":"Conditions de prise en charge \u00e0 distance"},"content":{"rendered":"\n<p>Il est imp\u00e9ratif que la personne joue un r\u00f4le actif dans le processus. Il est recommand\u00e9 de convenir avec la personne de la date et de l&#8217; heure auxquelles elle pourra se placer dans un \u00e9tat de d\u00e9tente, de relaxation, tout en m\u00e9ditant sur sa demande.                                                               Le traitement \u00e0 distance permet d&#8217;envoyer <strong>par un syst\u00e8me de protocoles de traitement bien pr\u00e9cis<\/strong> :<\/p>\n\n\n\n<ul class=\"wp-block-list\">\n<li>du<strong> REIKI<\/strong> avec, en plus, l&#8217;utilisation du cristal de roche<\/li>\n\n\n\n<li> de l&#8217;Energie par <strong>MAGNETISME <\/strong>ou<\/li>\n\n\n\n<li> via une pierre (<strong>LITHOTHERAPIE<\/strong>) qui sera choisie selon ses propri\u00e9t\u00e9s.<\/li>\n<\/ul>\n\n\n\n<p><strong>SUR PHOTO<\/strong>  (personnes ou animaux)<\/p>\n\n\n\n<p><strong>SANS PHOTO<\/strong>, <strong>juste du papier<\/strong> (m\u00e9thode occidentale adopt\u00e9e par les Japonais \u00e9galement)<\/p>\n\n\n\n<p>\u200bIl s&#8217;agit de compl\u00e9ter le <strong>formulaire de contact<\/strong> contenue dans le bandeau \u00e0 gauche de la page. Vous serez alors contact\u00e9 afin de voir ensemble la probl\u00e9matique et d\u00e9terminer les soins \u00e9nerg\u00e9tiques les plus appropri\u00e9s \u00e0 votre cas. <\/p>\n\n\n\n<p>Merci \u00e9galement de penser \u00e0 m&#8217;indiquer vos coordonn\u00e9es (email ou portable) pour vous informer du d\u00e9but de mon intervention.<\/p>\n\n\n\n<p>Aucune synchronisation entre le praticien et la personne est n\u00e9cessaire. N\u00e9anmoins, bien que les avis soient partag\u00e9s, je demande de convenir d&#8217;une heure, de pr\u00e9f\u00e9rence la m\u00eame chaque jour, \u00e0 laquelle la personne pourra se placer dans un \u00e9tat de r\u00e9ception avec moi en pensant \u00e0 son affirmation positive.<\/p>\n\n\n\n<p>\u200bVotre photo et l&#8217;explicatif \u00e9crit du probl\u00e8me sont \u00e0 me faire parvenir par e-mail. Votre photo devra \u00eatre &#8220;en pied&#8221; et r\u00e9cente, avec inscrit au dos votre nom et pr\u00e9nom, votre date et lieu de naissance, ainsi que le lieu o\u00f9 vous vous trouvez, puis bien s\u00fbr le probl\u00e8me ou la situation dont vous souffrez.<\/p>\n\n\n\n<p>Le <strong>REIKI <\/strong>permet aussi de traiter des situations, agir sur le pass\u00e9, le pr\u00e9sent et l&#8217;avenir.  C&#8217;est une m\u00e9thode pour renforcer et stimuler le processus d&#8217;auto-gu\u00e9rison.  Gr\u00e2ce aux symboles <strong>REIKI<\/strong>, non seulement nous pouvons d\u00e9passer les limites de l&#8217;espace mais aussi celles du temps.<\/p>\n\n\n\n<p><\/p>\n\n\n\n<p>\u200b<\/p>\n","protected":false},"excerpt":{"rendered":"<p>Il est imp\u00e9ratif que la personne joue un r\u00f4le actif dans le processus. Il est recommand\u00e9 de convenir avec la personne de la date et&#8230;<\/p>\n<div class=\"more-link-wrapper\"><a class=\"more-link\" href=\"https:\/\/therapy-deokinaw-abzh.com\/?page_id=422\">Continue reading<span class=\"screen-reader-text\">Conditions de prise en charge \u00e0 distance<\/span><\/a><\/div>\n","protected":false},"author":1,"featured_media":0,"parent":0,"menu_order":0,"comment_status":"closed","ping_status":"closed","template":"","meta":{"footnotes":""},"class_list":["post-422","page","type-page","status-publish","hentry","entry"],"_links":{"self":[{"href":"https:\/\/therapy-deokinaw-abzh.com\/index.php?rest_route=\/wp\/v2\/pages\/422","targetHints":{"allow":["GET"]}}],"collection":[{"href":"https:\/\/therapy-deokinaw-abzh.com\/index.php?rest_route=\/wp\/v2\/pages"}],"about":[{"href":"https:\/\/therapy-deokinaw-abzh.com\/index.php?rest_route=\/wp\/v2\/types\/page"}],"author":[{"embeddable":true,"href":"https:\/\/therapy-deokinaw-abzh.com\/index.php?rest_route=\/wp\/v2\/users\/1"}],"replies":[{"embeddable":true,"href":"https:\/\/therapy-deokinaw-abzh.com\/index.php?rest_route=%2Fwp%2Fv2%2Fcomments&post=422"}],"version-history":[{"count":14,"href":"https:\/\/therapy-deokinaw-abzh.com\/index.php?rest_route=\/wp\/v2\/pages\/422\/revisions"}],"predecessor-version":[{"id":658,"href":"https:\/\/therapy-deokinaw-abzh.com\/index.php?rest_route=\/wp\/v2\/pages\/422\/revisions\/658"}],"wp:attachment":[{"href":"https:\/\/therapy-deokinaw-abzh.com\/index.php?rest_route=%2Fwp%2Fv2%2Fmedia&parent=422"}],"curies":[{"name":"wp","href":"https:\/\/api.w.org\/{rel}","templated":true}]}}