{"id":360,"date":"2023-02-15T10:09:58","date_gmt":"2023-02-15T09:09:58","guid":{"rendered":"https:\/\/okinawasoins.alwaysdata.net\/?page_id=360"},"modified":"2023-03-15T18:41:21","modified_gmt":"2023-03-15T17:41:21","slug":"mes-references-mon-parcours","status":"publish","type":"page","link":"https:\/\/therapy-deokinaw-abzh.com\/?page_id=360","title":{"rendered":"Mes R\u00e9f\u00e9rences, Mon Parcours"},"content":{"rendered":"\t\t<div data-elementor-type=\"wp-page\" data-elementor-id=\"360\" class=\"elementor elementor-360\">\n\t\t\t\t\t\t<section class=\"elementor-section elementor-top-section elementor-element elementor-element-2b8c1a1c elementor-section-boxed elementor-section-height-default elementor-section-height-default\" data-id=\"2b8c1a1c\" data-element_type=\"section\" data-e-type=\"section\">\n\t\t\t\t\t\t<div class=\"elementor-container elementor-column-gap-default\">\n\t\t\t\t\t<div class=\"elementor-column elementor-col-100 elementor-top-column elementor-element elementor-element-5ca669d4\" data-id=\"5ca669d4\" data-element_type=\"column\" data-e-type=\"column\">\n\t\t\t<div class=\"elementor-widget-wrap elementor-element-populated\">\n\t\t\t\t\t\t<div class=\"elementor-element elementor-element-5a1c69a7 elementor-widget elementor-widget-text-editor\" data-id=\"5a1c69a7\" data-element_type=\"widget\" data-e-type=\"widget\" data-widget_type=\"text-editor.default\">\n\t\t\t\t<div class=\"elementor-widget-container\">\n\t\t\t\t\t\t\t\t\t<p><\/p>\n<p><strong>MA PERSONNALITE<\/strong><\/p>\n<p><\/p>\n<p><strong>Mon c\u00f4t\u00e9 cart\u00e9sien <\/strong>: ma l\u00e9gitimit\u00e9<\/p>\n<p><\/p>\n<p>Je crois ce que je vois et je peux l&#8217;expliquer de fa\u00e7on pragmatique : j &#8216;ai eu besoin de donner un cadre \u00e0 ce que je pourrais qualifier de don ou de leg transmis par mes anc\u00eatres, comme une n\u00e9cessit\u00e9 de reconnaissance et de l\u00e9gitimit\u00e9 \u00e0 cet exercice si particulier.<\/p>\n<p><\/p>\n<p>Aujourd\u2019hui, \u00e0 la lumi\u00e8re de tous ces travaux, il est l\u00e9gitime de soutenir l\u2019hypoth\u00e8se que l\u2019\u00eatre humain dans ses dimensions tant organiques que psychiques est un \u00eatre auquel les lois de la <strong>physique quantiqu<\/strong>e s\u2019appliquent. Et d\u00e9sormais, il n\u2019est plus insens\u00e9 pour un m\u00e9decin de concevoir son patient comme une <strong>entit\u00e9 \u00e0 la fois mat\u00e9rielle et vibratoire.<\/strong> Il n\u2019est plus absurde de consid\u00e9rer comme fond\u00e9es scientifiquement les influences r\u00e9ciproques qui peuvent exister entre le corps et la psych\u00e9. Par ailleurs, il devient n\u00e9cessaire de prendre syst\u00e9matiquement en consid\u00e9ration l\u2019impact d\u00e9terminant que le <strong>th\u00e9rapeute <\/strong>peut avoir sur son patient, aussi bien dans son effet placebo que nocebo.<\/p>\n<p><\/p>\n<p>Et l\u2019on peut mieux comprendre \u00e0 pr\u00e9sent ce qui fonde l\u2019efficacit\u00e9 des <strong>m\u00e9decines \u00e9nerg\u00e9tiques <\/strong>et <strong>vibratoires<\/strong>, des approches psychosomatiques et des technologies.<\/p>\n<p><\/p>\n<hr class=\"wp-block-separator has-alpha-channel-opacity\">\n<p><\/p>\n<h2 class=\"wp-block-heading\">Mon Parcours<\/h2>\n<p><\/p>\n<ul class=\"wp-block-list\">\n<li style=\"list-style-type: none;\">\n<ul><\/ul>\n<\/li>\n<\/ul>\n<ul>\n<li style=\"list-style-type: none;\">\n<ul>\n<li><strong>Formation Magn\u00e9tisme<\/strong> avec G\u00e9rard Galiana&nbsp;: magn\u00e9tiseur Formateur en soins \u00e9nerg\u00e9tiques chez ADN Magnetic, cr\u00e9ateur du Magn\u00e9tisme pour tous.<\/li>\n<\/ul>\n<\/li>\n<\/ul>\n<p><\/p>\n<p><\/p>\n<ul class=\"wp-block-list\">\n<li style=\"list-style-type: none;\">\n<ul><\/ul>\n<\/li>\n<\/ul>\n<ul>\n<li style=\"list-style-type: none;\">\n<ul>\n<li><strong>Formation Reiki <\/strong>avec J\u00e9r\u00f4me Dauphin, Ma\u00eetre Reiki<\/li>\n<\/ul>\n<\/li>\n<\/ul>\n<p><\/p>\n<p><\/p>\n<ul class=\"wp-block-list\">\n<li style=\"list-style-type: none;\">\n<ul><\/ul>\n<\/li>\n<\/ul>\n<ul>\n<li style=\"list-style-type: none;\">\n<ul>\n<li>Suivi de conf\u00e9rences &amp; Pratique avec Sandrine Muller-Bohard, conf\u00e9renci\u00e8re, <strong>gu\u00e9risseuse et chamane<\/strong>, auteure de \u2018 l\u2019\u00e9nergie pour gu\u00e9rir\u2019<\/li>\n<\/ul>\n<\/li>\n<\/ul>\n<p><\/p>\n<p><\/p>\n<ul class=\"wp-block-list\">\n<li style=\"list-style-type: none;\">\n<ul><\/ul>\n<\/li>\n<\/ul>\n<ul>\n<li style=\"list-style-type: none;\">\n<ul>\n<li>Suivi de conf\u00e9rences &amp; Pratique avec Natacha Calestr\u00e9m\u00e9, journaliste, r\u00e9alisatrice et auteure \u2018<strong>la cl\u00e9 de votre \u00e9nergie<\/strong>\u2019, 22 protocoles pour vous lib\u00e9rer \u00e9motionnellement\u2019<\/li>\n<\/ul>\n<\/li>\n<\/ul>\n<p><\/p>\n<p><\/p>\n<ul class=\"wp-block-list\">\n<li style=\"list-style-type: none;\">\n<ul><\/ul>\n<\/li>\n<\/ul>\n<ul>\n<li style=\"list-style-type: none;\">\n<ul>\n<li>Connaissance&nbsp;&amp; appui : Paul De Combourg, <strong>M\u00e9dium et gu\u00e9risseur<\/strong><\/li>\n<\/ul>\n<\/li>\n<\/ul>\n<p><\/p>\n<p><\/p>\n<ul class=\"wp-block-list\">\n<li style=\"list-style-type: none;\">\n<ul><\/ul>\n<\/li>\n<\/ul>\n<ul>\n<li style=\"list-style-type: none;\">\n<ul>\n<li><strong>Lithoth\u00e9rapie<\/strong> : Etude, utilisation &amp; soutien des pierres de fa\u00e7on journali\u00e8re<\/li>\n<\/ul>\n<\/li>\n<\/ul>\n<p><\/p>\n<p><div class=\"wp-block-image\"><\/p>\n<figure class=\"aligncenter size-full is-resized\"><img fetchpriority=\"high\" decoding=\"async\" class=\"wp-image-367\" src=\"https:\/\/okinawasoins.alwaysdata.net\/wp-content\/uploads\/2022\/10\/livre-natacha-calestreme.jpg\" alt=\"\" width=\"329\" height=\"329\" srcset=\"https:\/\/therapy-deokinaw-abzh.com\/wp-content\/uploads\/2022\/10\/livre-natacha-calestreme.jpg 526w, https:\/\/therapy-deokinaw-abzh.com\/wp-content\/uploads\/2022\/10\/livre-natacha-calestreme-300x300.jpg 300w, https:\/\/therapy-deokinaw-abzh.com\/wp-content\/uploads\/2022\/10\/livre-natacha-calestreme-150x150.jpg 150w\" sizes=\"(max-width: 329px) 100vw, 329px\" \/><p><\/p>\n<figcaption class=\"wp-element-caption\">La Cl \u00e9 de votre \u00e9nergie<\/figcaption>\n<\/figure>\n<p><\/div><div class=\"wp-block-image\"><\/p>\n<figure class=\"aligncenter size-full is-resized\"><img decoding=\"async\" class=\"wp-image-370\" src=\"https:\/\/okinawasoins.alwaysdata.net\/wp-content\/uploads\/2022\/10\/51T7BKnjc-L._SY291_BO1204203200_QL40_ML2_.jpg\" alt=\"\" width=\"349\" height=\"494\"><\/figure>\n<p><\/div><\/p>\n<h6 class=\"has-text-align-center wp-block-heading\">L&#8217;\u00e9nergie pour gu\u00e9rir<\/h6>\n<p><\/p>\n<hr class=\"wp-block-separator has-alpha-channel-opacity\">\n<p><\/p>\n<p>Mon parcours est donc jalonn\u00e9 de formations, de lectures, de conf\u00e9rences et de formations continues pour toujours am\u00e9liorer mon ressenti et mes <strong>protocoles de soin<\/strong>.<\/p>\n<p><\/p>\n<hr class=\"wp-block-separator has-alpha-channel-opacity\">\n<p><\/p>\n<p><strong>FORMATION REIKI <\/strong> avec J\u00e9r\u00f4me DAUPHIN.<\/p>\n<p><\/p>\n<p>Je remercie J\u00e9r\u00f4me DAUPHIN, <strong>Ma\u00eetre REIKI<\/strong>, qui m&#8217;a initi\u00e9e aux deux degr\u00e9s <strong>REIKI<\/strong>. Merci aussi \u00e0 tous les Ma\u00eetres <strong>REIKI<\/strong> de la lign\u00e9e dont je suis issue pour avoir perp\u00e9tu\u00e9 cet art au travers du temps, m&#8217;offrant ainsi la chance d&#8217;y \u00eatre initi\u00e9 et d&#8217;en avoir re\u00e7u l&#8217;enseignement.<\/p>\n<p><\/p>\n<p><\/p>\n<figure class=\"wp-block-image size-full\"><img decoding=\"async\" width=\"939\" height=\"704\" class=\"wp-image-366\" src=\"https:\/\/okinawasoins.alwaysdata.net\/wp-content\/uploads\/2022\/10\/diplome-reiki.jpg\" alt=\"\" srcset=\"https:\/\/therapy-deokinaw-abzh.com\/wp-content\/uploads\/2022\/10\/diplome-reiki.jpg 939w, https:\/\/therapy-deokinaw-abzh.com\/wp-content\/uploads\/2022\/10\/diplome-reiki-300x225.jpg 300w, https:\/\/therapy-deokinaw-abzh.com\/wp-content\/uploads\/2022\/10\/diplome-reiki-768x576.jpg 768w\" sizes=\"(max-width: 939px) 100vw, 939px\" \/><\/figure>\n<p><\/p>\n<hr class=\"wp-block-separator has-alpha-channel-opacity\">\n<p><\/p>\n<figure class=\"wp-block-image size-large\"><img loading=\"lazy\" decoding=\"async\" width=\"1024\" height=\"768\" class=\"wp-image-591\" src=\"https:\/\/okinawasoins.alwaysdata.net\/wp-content\/uploads\/2023\/03\/diplome-reiki-2-jpeg-v1-1024x768.jpg\" alt=\"\" srcset=\"https:\/\/therapy-deokinaw-abzh.com\/wp-content\/uploads\/2023\/03\/diplome-reiki-2-jpeg-v1-1024x768.jpg 1024w, https:\/\/therapy-deokinaw-abzh.com\/wp-content\/uploads\/2023\/03\/diplome-reiki-2-jpeg-v1-300x225.jpg 300w, https:\/\/therapy-deokinaw-abzh.com\/wp-content\/uploads\/2023\/03\/diplome-reiki-2-jpeg-v1-768x576.jpg 768w, https:\/\/therapy-deokinaw-abzh.com\/wp-content\/uploads\/2023\/03\/diplome-reiki-2-jpeg-v1-1536x1152.jpg 1536w, https:\/\/therapy-deokinaw-abzh.com\/wp-content\/uploads\/2023\/03\/diplome-reiki-2-jpeg-v1-2048x1536.jpg 2048w\" sizes=\"(max-width: 1024px) 100vw, 1024px\" \/><\/figure>\n<p><\/p>\n<p><strong>FORMATION MAGNETISME <\/strong><\/p>\n<p><\/p>\n<p>AVEC G\u00c9RARD GALIANA, GUERISSEUR-MAGN\u00c9TISEUR &amp; FORMATEUR<\/p>\n<p><\/p>\n<p>EN SOINS \u00c9NERG\u00c9TIQUES, CR\u00c9ATEUR DU MAGN\u00c9TISME POUR TOUS.<\/p>\n<p><\/p>\n<p>NIVEAU 1 ET 2&nbsp;: les 12 Avril 2019 &amp; 21 Juillet 2020<\/p>\n<p><\/p>\n<figure class=\"wp-block-embed is-type-video is-provider-youtube wp-block-embed-youtube wp-embed-aspect-16-9 wp-has-aspect-ratio\">\n<div class=\"wp-block-embed__wrapper\">https:\/\/www.youtube.com\/watch?v=ZFG-OAKDHk4&amp;feature=emb_imp_woyt<\/div>\n<\/figure>\n<p><\/p>\n<p><\/p>\n<p><strong>FORMATION MAGNETISME<\/strong> <strong>: ECHANGES <\/strong><\/p>\n<p><\/p>\n<p>PARTICIPATION AU GROUPE DE DISCUSSION ET D\u2019ENTRAIDE R\u00c9SERV\u00c9 AUX MEMBRES DE LA FORMATION \u00ab&nbsp;LE MAGN\u00c9TISME POUR TOUS&nbsp;\u00bb&nbsp;: HTTPS:\/\/WWW.FACEBOOK.COM\/GROUPS\/LEMAGNETISMEPOURTOUS\/<\/p>\n<p><\/p>\n<div class=\"wp-block-columns is-layout-flex wp-container-core-columns-is-layout-9d6595d7 wp-block-columns-is-layout-flex\">\n<p><\/p>\n<div class=\"wp-block-column is-layout-flow wp-block-column-is-layout-flow\">\n<p><\/p>\n<hr class=\"wp-block-separator has-alpha-channel-opacity\">\n<p><\/p>\n<\/div>\n<p><\/p>\n<\/div>\n<p><\/p>\n<h2 class=\"wp-block-heading\">La LITHOTHERAPIE<\/h2>\n<p><\/p>\n<p>Comme une \u00e9vidence, je ressens l&#8217;<strong>\u00e9nergie des pierres<\/strong> et je m&#8217;en sers au quotidien. Je souhaite vous transmettre tous les <strong>bienfaits et le soutien <\/strong>des pierres lors de mes <strong>soins \u00e9nerg\u00e9tiques.<\/strong><\/p>\n<p><\/p>\n<figure class=\"wp-block-image size-large\"><img loading=\"lazy\" decoding=\"async\" width=\"1024\" height=\"616\" class=\"wp-image-364\" src=\"https:\/\/okinawasoins.alwaysdata.net\/wp-content\/uploads\/2022\/10\/mainpierre-1-1024x616.jpg\" alt=\"\" srcset=\"https:\/\/therapy-deokinaw-abzh.com\/wp-content\/uploads\/2022\/10\/mainpierre-1-1024x616.jpg 1024w, https:\/\/therapy-deokinaw-abzh.com\/wp-content\/uploads\/2022\/10\/mainpierre-1-300x180.jpg 300w, https:\/\/therapy-deokinaw-abzh.com\/wp-content\/uploads\/2022\/10\/mainpierre-1-768x462.jpg 768w, https:\/\/therapy-deokinaw-abzh.com\/wp-content\/uploads\/2022\/10\/mainpierre-1-1536x924.jpg 1536w, https:\/\/therapy-deokinaw-abzh.com\/wp-content\/uploads\/2022\/10\/mainpierre-1-2048x1232.jpg 2048w\" sizes=\"(max-width: 1024px) 100vw, 1024px\" \/><p><\/p>\n<figcaption class=\"wp-element-caption\">quelques pierres ici pr\u00e9sent\u00e9es<\/figcaption>\n<\/figure>\n<p><\/p>\n<p><\/p>\n<figure class=\"wp-block-image size-large\"><img loading=\"lazy\" decoding=\"async\" width=\"1024\" height=\"768\" class=\"wp-image-365\" src=\"https:\/\/okinawasoins.alwaysdata.net\/wp-content\/uploads\/2022\/10\/poupeepierre-1024x768.jpg\" alt=\"\" srcset=\"https:\/\/therapy-deokinaw-abzh.com\/wp-content\/uploads\/2022\/10\/poupeepierre-1024x768.jpg 1024w, https:\/\/therapy-deokinaw-abzh.com\/wp-content\/uploads\/2022\/10\/poupeepierre-300x225.jpg 300w, https:\/\/therapy-deokinaw-abzh.com\/wp-content\/uploads\/2022\/10\/poupeepierre-768x576.jpg 768w, https:\/\/therapy-deokinaw-abzh.com\/wp-content\/uploads\/2022\/10\/poupeepierre-1536x1152.jpg 1536w, https:\/\/therapy-deokinaw-abzh.com\/wp-content\/uploads\/2022\/10\/poupeepierre-2048x1536.jpg 2048w\" sizes=\"(max-width: 1024px) 100vw, 1024px\" \/><p><\/p>\n<figcaption class=\"wp-element-caption\">Utilisation des pierres dans un soin \u00e0 distance<\/figcaption>\n<\/figure>\n<p><\/p>\n<hr class=\"wp-block-separator has-alpha-channel-opacity\">\n<p><\/p>\n<p><strong>Mon exp\u00e9rience<\/strong> de plus de 30 ans comme employ\u00e9e dans une soci\u00e9t\u00e9 internationale d&#8217;origine Japonaise o\u00f9 j&#8217;ai baign\u00e9 dans la culture japonaise qui met en avant l&#8217;honneur, le respect de la tradition, le consensus, le sens du travail etc.<\/p>\n<p><\/p>\n<p>Le <strong>concept japonais de kyosei<\/strong> (l&#8217;adjonction de deux id\u00e9ogrammes : <strong>kyo<\/strong> : travailler ensemble et <strong>sei <\/strong>: la vie) signifie &#8220;vivre et travailler ensemble en visant le bien commun permettant \u00e0 la coop\u00e9ration et la prosp\u00e9rit\u00e9 mutuelle de coexister dans une concurrence saine et \u00e9quitable&#8221;.&nbsp; La philosophie d&#8217;entreprise est bas\u00e9e sur la motivation personnelle, l&#8217;autogestion et la conscience de soi.<\/p>\n<p><\/p>\n<p>LE <strong>REIKI <\/strong>est apparu au Japon \u00e0 la fin du 19\u00e8me si\u00e8cle. Il vient du mot <strong>REI<\/strong> (universel) et <strong>KI <\/strong>(\u00e9nergie vitale). Le bouddhiste japonais Mikao Usui a d\u00e9velopp\u00e9 le REIKI en 1922. La philosophie du <strong>REIKI <\/strong>comprend 5 principes :<\/p>\n<p><\/p>\n<ul class=\"wp-block-list\">\n<li style=\"list-style-type: none;\">\n<ul><\/ul>\n<\/li>\n<\/ul>\n<ul>\n<li style=\"list-style-type: none;\">\n<ul>\n<li>juste pour aujourd&#8217;hui, je lib\u00e8re les pens\u00e9es de col\u00e8re<\/li>\n<\/ul>\n<\/li>\n<\/ul>\n<p><\/p>\n<ul>\n<li style=\"list-style-type: none;\">\n<ul>\n<li>juste pour aujourd&#8217;hui, je lib\u00e8re les pens\u00e9es d&#8217;inqui\u00e9tude<\/li>\n<\/ul>\n<\/li>\n<\/ul>\n<p><\/p>\n<ul>\n<li style=\"list-style-type: none;\">\n<ul>\n<li>juste pour aujourd&#8217;hui, je suis reconnaissant (e)<\/li>\n<\/ul>\n<\/li>\n<\/ul>\n<p><\/p>\n<ul>\n<li style=\"list-style-type: none;\">\n<ul>\n<li>juste pour aujourd&#8217;hui, j&#8217;\u00e9largis ma conscience<\/li>\n<\/ul>\n<\/li>\n<\/ul>\n<p><\/p>\n<ul>\n<li style=\"list-style-type: none;\">\n<ul>\n<li>juste pour aujourd&#8217;hui, je suis doux avec tous les \u00eatres<\/li>\n<\/ul>\n<\/li>\n<\/ul>\n<p><\/p>\n<p><\/p>\n<hr class=\"wp-block-separator has-alpha-channel-opacity\">\n<p><\/p>\n<p><strong>Mes racines bretonnes<\/strong> <strong>et le leg de mes anc\u00eatres<\/strong> :<\/p>\n<p><\/p>\n<p>Du pays Gallo (haute Bretagne), j&#8217;ai tir\u00e9 des comp\u00e9tences, cette capacit\u00e9 et cette expertise \u00e0 vaincre le mal, sur fond de culture et l\u00e9gendes profond\u00e9ment bretonnes.<\/p>\n<p><\/p>\n<div class=\"wp-block-columns is-layout-flex wp-container-core-columns-is-layout-9d6595d7 wp-block-columns-is-layout-flex\">\n<p><\/p>\n<div class=\"wp-block-column is-layout-flow wp-block-column-is-layout-flow\">&nbsp;<\/div>\n<p><\/p>\n<\/div>\n<p><div class=\"wp-block-image\"><\/p>\n<figure class=\"aligncenter size-large is-resized\"><img loading=\"lazy\" decoding=\"async\" class=\"wp-image-368\" src=\"https:\/\/okinawasoins.alwaysdata.net\/wp-content\/uploads\/2022\/10\/IMG_20210719_200534-1-768x1024.jpg\" alt=\"\" width=\"410\" height=\"546\" srcset=\"https:\/\/therapy-deokinaw-abzh.com\/wp-content\/uploads\/2022\/10\/IMG_20210719_200534-1-768x1024.jpg 768w, https:\/\/therapy-deokinaw-abzh.com\/wp-content\/uploads\/2022\/10\/IMG_20210719_200534-1-225x300.jpg 225w, https:\/\/therapy-deokinaw-abzh.com\/wp-content\/uploads\/2022\/10\/IMG_20210719_200534-1-1152x1536.jpg 1152w, https:\/\/therapy-deokinaw-abzh.com\/wp-content\/uploads\/2022\/10\/IMG_20210719_200534-1-1536x2048.jpg 1536w, https:\/\/therapy-deokinaw-abzh.com\/wp-content\/uploads\/2022\/10\/IMG_20210719_200534-1-scaled.jpg 1920w\" sizes=\"(max-width: 410px) 100vw, 410px\" \/><p><\/p>\n<figcaption class=\"wp-element-caption\">AURAY (visite \u00e0 Sainte Anne d&#8217;Auray)<\/figcaption>\n<\/figure>\n<p><\/div><\/p>\n<p><\/p>\n<div class=\"wp-block-columns is-layout-flex wp-container-core-columns-is-layout-9d6595d7 wp-block-columns-is-layout-flex\">\n<p><\/p>\n<div class=\"wp-block-column is-layout-flow wp-block-column-is-layout-flow\">\n<p><\/p>\n<hr class=\"wp-block-separator has-alpha-channel-opacity\">\n<p><\/p>\n<\/div>\n<p><\/p>\n<\/div>\n<p><\/p>\n<p><\/p>\t\t\t\t\t\t\t\t<\/div>\n\t\t\t\t<\/div>\n\t\t\t\t\t<\/div>\n\t\t<\/div>\n\t\t\t\t\t<\/div>\n\t\t<\/section>\n\t\t\t\t<\/div>\n\t\t","protected":false},"excerpt":{"rendered":"<p>MA PERSONNALITE Mon c\u00f4t\u00e9 cart\u00e9sien : ma l\u00e9gitimit\u00e9 Je crois ce que je vois et je peux l&#8217;expliquer de fa\u00e7on pragmatique : j &#8216;ai eu&#8230;<\/p>\n<div class=\"more-link-wrapper\"><a class=\"more-link\" href=\"https:\/\/therapy-deokinaw-abzh.com\/?page_id=360\">Continue reading<span class=\"screen-reader-text\">Mes R\u00e9f\u00e9rences, Mon Parcours<\/span><\/a><\/div>\n","protected":false},"author":1,"featured_media":0,"parent":0,"menu_order":0,"comment_status":"closed","ping_status":"closed","template":"","meta":{"footnotes":""},"class_list":["post-360","page","type-page","status-publish","hentry","entry"],"_links":{"self":[{"href":"https:\/\/therapy-deokinaw-abzh.com\/index.php?rest_route=\/wp\/v2\/pages\/360","targetHints":{"allow":["GET"]}}],"collection":[{"href":"https:\/\/therapy-deokinaw-abzh.com\/index.php?rest_route=\/wp\/v2\/pages"}],"about":[{"href":"https:\/\/therapy-deokinaw-abzh.com\/index.php?rest_route=\/wp\/v2\/types\/page"}],"author":[{"embeddable":true,"href":"https:\/\/therapy-deokinaw-abzh.com\/index.php?rest_route=\/wp\/v2\/users\/1"}],"replies":[{"embeddable":true,"href":"https:\/\/therapy-deokinaw-abzh.com\/index.php?rest_route=%2Fwp%2Fv2%2Fcomments&post=360"}],"version-history":[{"count":14,"href":"https:\/\/therapy-deokinaw-abzh.com\/index.php?rest_route=\/wp\/v2\/pages\/360\/revisions"}],"predecessor-version":[{"id":654,"href":"https:\/\/therapy-deokinaw-abzh.com\/index.php?rest_route=\/wp\/v2\/pages\/360\/revisions\/654"}],"wp:attachment":[{"href":"https:\/\/therapy-deokinaw-abzh.com\/index.php?rest_route=%2Fwp%2Fv2%2Fmedia&parent=360"}],"curies":[{"name":"wp","href":"https:\/\/api.w.org\/{rel}","templated":true}]}}