{"id":2,"date":"2023-02-15T11:51:46","date_gmt":"2023-02-15T10:51:46","guid":{"rendered":"http:\/\/okinawasoins.alwaysdata.net\/?page_id=2"},"modified":"2023-05-09T15:36:39","modified_gmt":"2023-05-09T13:36:39","slug":"cgv","status":"publish","type":"page","link":"https:\/\/therapy-deokinaw-abzh.com\/?page_id=2","title":{"rendered":"Conditions G\u00e9n\u00e9rales de Vente"},"content":{"rendered":"\n<div class=\"wp-block-columns is-layout-flex wp-container-core-columns-is-layout-9d6595d7 wp-block-columns-is-layout-flex\">\n<div class=\"wp-block-column is-layout-flow wp-block-column-is-layout-flow\">\n<p><strong>INFORMATION, POLITIQUE DE CONFIDENTIALITE, CONDITIONS GENERALES DE VENTE<\/strong><\/p>\n\n\n\n<p><strong>MENTIONS LEGALES<\/strong><\/p>\n\n\n\n<p>D\u00e9nomination &nbsp;: OKINAWA SOINS<\/p>\n\n\n\n<p>SIREN : 948415427<\/p>\n\n\n\n<p>Code APE : 9609Z<\/p>\n\n\n\n<p>Statut&nbsp;: MICRO ENTREPRISE <\/p>\n\n\n\n<h2 class=\"wp-block-heading\">SIRET : 948415427 00012<\/h2>\n\n\n\n<p>Profession lib\u00e9rale (Code 1500)<\/p>\n\n\n\n<p>TVA&nbsp;: non soumis<\/p>\n\n\n\n<p class=\"has-text-align-left\">OKINAWASOINS conserve la possibilit\u00e9 de modifier \u00e0 tout moment ses conditions de <strong>prestations, de services<\/strong> <strong>(soins \u00e9nerg\u00e9tiques<\/strong>), de vente et\/ou liens vers des sites marchands, afin de respecter toute nouvelle r\u00e9glementation ou dans le but d&#8217;am\u00e9liorer l\u2019utilisation de son site. De ce fait, les conditions applicables seront celles en vigueur \u00e0 la date de prise de contact avec la personne.<\/p>\n\n\n\n<p>En visitant ou en demandant un service par la fiche CONTACT du site OKINAWASOINS, vous acceptez d&#8217;\u00eatre li\u00e9s par les modalit\u00e9s, conditions &amp; politiques ci-apr\u00e8s list\u00e9es. Vous d\u00e9clarez \u00eatre majeurs lors de votre demande de services. Nous nous r\u00e9servons le droit de corriger toute erreur, inexactitude, omission  sur le site OKINAWASOINS. <\/p>\n\n\n\n<ul class=\"wp-block-list\">\n<li>Vos commentaires, vos suggestions, vos id\u00e9es sont susceptibles  d&#8217;\u00eatre modifi\u00e9s et exploit\u00e9s par nous-m\u00eames, sans d\u00e9dommagements, sans confidentialit\u00e9,  sans r\u00e9ponses de notre part.                                    Ils peuvent \u00eatre supprim\u00e9s  \u00e0 notre seule discr\u00e9tion pour toute raison que ce soit.    <\/li>\n\n\n\n<li>Les renseignements sur vous-m\u00eames <strong>n\u00e9cessaires aux soins<\/strong> <strong>\u00e9nerg\u00e9tiques<\/strong> doivent \u00eatre exacts. Toute fausse information personnelle (email, t\u00e9l., photos. etc.) serait illicite. Vous acceptez de fournir toute information n\u00e9cessaire au bon d\u00e9roulement des protocoles de soins. Toute utilisation par vous des outils facultatifs propos\u00e9s par le biais du site est enti\u00e8rement \u00e0 votre discr\u00e9tion et \u00e0 vos propres risques.  Tout nouveau service propos\u00e9 dans l&#8217;avenir seront assujettis aux Pr\u00e9sentes Conditions d&#8217;utilisation.            <\/li>\n\n\n\n<li>Toute duplication, copie, exploitation  sans  notre autorisation \u00e9crite est interdit.  Les anciennes donn\u00e9es historiques, les liens sur d&#8217;autres sites  sont fournis \u00e0 titre d&#8217;indication. <\/li>\n\n\n\n<li>Il vous est interdit d&#8217;utiliser \u00e0 votre propre compte le site de <strong>soins \u00e9nerg\u00e9tiques <\/strong>OKINAWASOINS ou son contenu  quelle qu&#8217;en soit la finalit\u00e9 ou la raison. <\/li>\n\n\n\n<li>Toute offre de service sur ce site  est nulle l\u00e0 o\u00f9 la loi l&#8217;interdit.  <\/li>\n\n\n\n<li>Vous acceptez de fournir toute information n\u00e9cessaire au bon d\u00e9roulement des protocoles de <strong>soins \u00e9nerg\u00e9tiques<\/strong>.  Toutefois nous ne garantissons pas que les r\u00e9sultats obtenus en utilisant nos services soient  fiables et \u00e0 la hauteur de vos esp\u00e9rances.  Vos demandes de <strong>soins  \u00e9nerg\u00e9tiques <\/strong>sont \u00e0 vos propres risques.  Si vous vous fiez au contenu du site OKINAWASOINS ,vous le faites \u00e0 vos propres risques :  il ne doit pas \u00eatre utilis\u00e9 comme seule base pour votre prise de d\u00e9cisions.  Nous ne garantissons pas que les services, informations ou autres r\u00e9pondront \u00e0 vos attentes. Nous ne pourrons pas \u00eatre tenus responsables de toute blessure, probl\u00e8mes de sant\u00e9, pertes, r\u00e9clamations, dommages directs ou indirects, omissions, de responsabilit\u00e9 stricte ou autres r\u00e9sultant des soins effectu\u00e9s par OKINAWASOINS. <\/li>\n\n\n\n<li>Toute commande de <strong>soins \u00e9nerg\u00e9tiques <\/strong>peut \u00eatre refus\u00e9e. Nous nous r\u00e9servons le droit de modifier ou de mettre fin aux services \u00e0 tout moment et sans pr\u00e9avis.  Nous nous r\u00e9servons le droit de limiter les services propos\u00e9s. Nous nous r\u00e9servons le droit de refuser un <strong>soin \u00e9nerg\u00e9tique<\/strong> ou un service \u00e0 quelqu&#8217;un \u00e0 tout moment  et pour quelque raison que ce soit.  <\/li>\n\n\n\n<li>Les prix des soins sont modifiables \u00e0 notre enti\u00e8re discr\u00e9tion. et d\u00e9pendants des prestations \u00e0 r\u00e9aliser ou d\u00e9j\u00e0 r\u00e9alis\u00e9es. <\/li>\n\n\n\n<li>Nous ne garantissons pas et n&#8217;assumons aucune responsabilit\u00e9 quant aux contenus ou sites Web de sources tierces.  Les plaintes, r\u00e9clamations concernant des tiers doivent \u00eatre adress\u00e9s \u00e0 ces m\u00eames tiers.  Toute ambiguit\u00e9 quant \u00e0 l&#8217;interpr\u00e9tation des ces conditions d&#8217;utilisation ne doit pas \u00eatre interpr\u00e9t\u00e9e  en d\u00e9faveur de OKINAWASOINS, r\u00e9dacteurs et prestataires de services en <strong>soins \u00e9nerg\u00e9tiques<\/strong>. <\/li>\n<\/ul>\n\n\n\n<p class=\"has-text-align-left\">&#8212;&#8212;&#8212;&#8212;&#8212;&#8212;&#8211;<\/p>\n\n\n\n<p><strong>SERVICES PROPOSES<\/strong><\/p>\n\n\n\n<p>OKINAWA SOINS  propose<\/p>\n\n\n\n<ul class=\"wp-block-list\">\n<li>une aide \u00e0 l\u2019am\u00e9lioration de la sant\u00e9 physique et\/ou psychologique des personnes en proposant un suivi cibl\u00e9 selon les besoins. OKINAWA SOINS  pourra utiliser diff\u00e9rentes techniques, connaissances et dons en mati\u00e8re de &nbsp;Magn\u00e9tisme, Reiki, Lithoth\u00e9rapie, Ecoute et Spiritualit\u00e9.<\/li>\n<\/ul>\n\n\n\n<p>OKINAWA SOINS <\/p>\n\n\n\n<ul class=\"wp-block-list\">\n<li>des services d\u2019\u00e9coute et de soutien notamment aux femmes.<\/li>\n<\/ul>\n\n\n\n<p>OKINAWA SOINS <\/p>\n\n\n\n<ul class=\"wp-block-list\">\n<li>la magn\u00e9tisation des pierres \u00e0 la vente sur commande. Les pierres propos\u00e9es sur le site sont des pierres qui auront \u00e9t\u00e9 choisies sp\u00e9cifiquement et trait\u00e9es individuellement pour une personne en particulier. Une pierre pourra \u00eatre livr\u00e9e par mes soins apr\u00e8s avoir \u00e9t\u00e9 nettoy\u00e9e, charg\u00e9e et programm\u00e9e avec des intentions particuli\u00e8res visant \u00e0 l\u2019am\u00e9lioration de la sant\u00e9 physique et\/ou psychologique des personnes. Les d\u00e9lais de livraison seront relativement longs et&nbsp; \u00e0 convenir avec les demandeurs compte tenu de la charge particuli\u00e8re de ce service. Les prix et les formes des pierres expos\u00e9es sur le site sont susceptibles de modification&nbsp;; cela ne change en rien la magn\u00e9tisation et l\u2019intention.<\/li>\n<\/ul>\n\n\n\n<p>OKINAWA SOINS <\/p>\n\n\n\n<ul class=\"wp-block-list\">\n<li>dans le cadre de son activit\u00e9 principale cit\u00e9e ci-dessus est aussi une vitrine sur des produits susceptibles de venir en compl\u00e9ment pour le bien-\u00eatre de la personne.<\/li>\n<\/ul>\n\n\n\n<p>OKINAWA SOINS <\/p>\n\n\n\n<ol class=\"wp-block-list\">\n<li>Conditions d&#8217;exposition \u00e0 la vente sur OKINAWA SOINS  de produits provenant  de sites ext\u00e9rieurs <\/li>\n<\/ol>\n\n\n\n<p>Toute commande d\u2019un Produit propos\u00e9 sur OKINAWA SOINS  suppose la consultation et l\u2019acceptation expresse des&nbsp; conditions g\u00e9n\u00e9rales de vente et de r\u00e9tractation de la soci\u00e9t\u00e9 ext\u00e9rieure fournisseur du produit , manifest\u00e9e par le fait de commander \u00ab Je d\u00e9clare avoir pris connaissance et accepter les conditions g\u00e9n\u00e9rales de vente et \u00eatre inform\u00e9 de mon droit de r\u00e9tractation. \u00bb.<\/p>\n\n\n\n<p>La confirmation d\u2019une commande entra\u00eenera l\u2019acceptation des conditions de vente de toute soci\u00e9t\u00e9 partenaire du site OKINAWA SOINS .<\/p>\n\n\n\n<p>Les d\u00e9lais de livraison ne sont donn\u00e9s qu\u2019\u00e0 titre indicatif, et OKINAWA SOINS  ne peut \u00eatre tenue responsable en cas de retard dans la livraison.<\/p>\n\n\n\n<p>OKINAWA SOINS  est simplement un interm\u00e9diaire et ne saurait \u00eatre tenu responsable de tout probl\u00e8me relatif \u00e0 un achat. OKINAWA SOINS  peut se charger de prendre les commandes, de les g\u00e9rer, de les transmettre \u00e0 OKINAWA SOINS.<\/p>\n\n\n\n<p>OKINAWA SOINS peut \u00e9ventuellement  transmettre les commandes \u00e0  une soci\u00e9t\u00e9 ext\u00e9rieure partenaire et se d\u00e9gage de toute responsabilit\u00e9 quant aux traitements des commandes, des probl\u00e8mes de livraison qui devront \u00eatre vus directement avec ladite soci\u00e9t\u00e9 ext\u00e9rieure. Toute dol\u00e9ance au sujet de la qualit\u00e9, de l\u2019efficacit\u00e9, de la tol\u00e9rance du produit sera adress\u00e9e \u00e0 la soci\u00e9t\u00e9 ext\u00e9rieure partenaire.<\/p>\n\n\n\n<p>OKINAWA SOINS , dans le processus de vente \u00e0 distance, n\u2019est tenu que par une obligation de moyens. Sa responsabilit\u00e9 ne pourra \u00eatre engag\u00e9e pour un dommage r\u00e9sultant de l\u2019utilisation du r\u00e9seau Internet tel que perte de donn\u00e9es, intrusion, virus, rupture du service, ou autres probl\u00e8mes involontaires.<\/p>\n\n\n\n<p>Les Produits et les prix  appartenant \u00e0 une soci\u00e9t\u00e9 ext\u00e9rieure partenaire  et qui seraient pr\u00e9sent\u00e9s  par OKINAWA SOINS sont ceux qui figurent sur le Site de la soci\u00e9t\u00e9 ext\u00e9rieure partenaire  au jour de la consultation du Site par l\u2019Utilisateur et dans la limite des stocks disponibles.<\/p>\n\n\n\n<p>2.  Conditions d&#8217;exposition \u00e0 la vente sur OKINAWA SOINS  de produits provenant  de sites ext\u00e9rieurs (suite)<\/p>\n\n\n\n<p><a href=\"https:\/\/universmineral.fr\/\">OKINAWA SOINS<\/a> pourrait \u00eatre tenue par un accord d\u2019Affiliation Marketing avec une soci\u00e9t\u00e9 ext\u00e9rieure  partenaire et donnant ainsi acc\u00e8s \u00e0 une  soci\u00e9t\u00e9 ext\u00e9rieure partenaire afin de visiter et de passer commande si le client le souhaite dans les conditions pr\u00e9d\u00e9finies par la  soci\u00e9t\u00e9 ext\u00e9rieure partenaire.<\/p>\n\n\n\n<p>Toute action aupr\u00e8s d&#8217;une  soci\u00e9t\u00e9 ext\u00e9rieure partenaire ne saurait engager la responsabilit\u00e9 de <a href=\"https:\/\/universmineral.fr\/\">OKINAWA SOINS<\/a>.<\/p>\n\n\n\n<p>Les conditions G\u00e9n\u00e9rales de Vente appliqu\u00e9es seront uniquement celles de la  soci\u00e9t\u00e9 ext\u00e9rieure partenaire.<\/p>\n\n\n\n<p><a href=\"https:\/\/universmineral.fr\/\">OKINAWA SOINS<\/a> se d\u00e9gage de tout probl\u00e8me et ne garantit pas que la qualit\u00e9 de tous les produits, exp\u00e9ditions, gestion de commandes, services, informations, ou toute autre marchandise que vous avez obtenue ou achet\u00e9e r\u00e9pondra \u00e0 vos attentes, ni que toute erreur dans le Service sera corrig\u00e9e.<\/p>\n\n\n\n<p><strong>Liens vers d&#8217;autres sites web, <\/strong><strong>Liens hypertextes (responsabilit\u00e9)<\/strong><\/p>\n\n\n\n<p><a href=\"https:\/\/universmineral.fr\/\">OKINAWA SOINS<\/a> peut contenir des liens vers d&#8217;autres sites web qui ne sont pas d\u00e9tenus ou contr\u00f4l\u00e9s par nous. Sachez que nous ne sommes pas responsables de ces autres sites web ou des pratiques de confidentialit\u00e9 des tiers. Nous vous encourageons \u00e0 \u00eatre attentif lorsque vous quittez notre site web et \u00e0 lire les d\u00e9clarations de confidentialit\u00e9 de chaque site web susceptible de collecter des informations personnelles.<\/p>\n\n\n\n<p><a href=\"https:\/\/universmineral.fr\/\">OKINAWA SOINS<\/a>  propose de nombreux liens vers d&#8217;autres sites. Nous indiquons syst\u00e9matiquement vers quel site nous vous proposons d&#8217;aller. Cependant, ces pages web dont les adresses sont r\u00e9guli\u00e8rement v\u00e9rifi\u00e9es ne font pas partie de ce site : elles n&#8217;engagent pas la responsabilit\u00e9 de la r\u00e9daction du site.<\/p>\n\n\n\n<h2 class=\"wp-block-heading\">Propri\u00e9t\u00e9 intellectuelle<\/h2>\n\n\n\n<p>Tout le contenu du pr\u00e9sent site, incluant, de fa\u00e7on non limitative, les graphismes, images, textes, vid\u00e9os, animations, sons, logos, gifs et ic\u00f4nes ainsi que leur mise en forme sont la propri\u00e9t\u00e9 exclusive de <a href=\"https:\/\/universmineral.fr\/\">OKINAWA SOINS<\/a>&nbsp; \u00e0 l&#8217;exception des marques, logos ou contenus appartenant \u00e0 d&#8217;autres soci\u00e9t\u00e9s partenaires ou auteurs.<br>Toute reproduction, distribution, modification, adaptation, retransmission ou publication, m\u00eame partielle, de ces diff\u00e9rents \u00e9l\u00e9ments est strictement interdite sans l&#8217;accord express par \u00e9crit de <a href=\"https:\/\/universmineral.fr\/\">OKINAWA SOINS<\/a>.<\/p>\n\n\n\n<p>Tous les \u00e9l\u00e9ments du site  <a href=\"https:\/\/universmineral.fr\/\">OKINAWA SOINS<\/a> sont et restent la propri\u00e9t\u00e9 intellectuelle et exclusive de <a href=\"https:\/\/universmineral.fr\/\">OKINAWA SOINS<\/a>. Personne n\u2019est autoris\u00e9 \u00e0 reproduire, exploiter, ou utiliser \u00e0 quelque titre que ce soit, m\u00eame partiellement, des \u00e9l\u00e9ments du site qu\u2019ils soient sous forme de photo, logo, visuel ou texte.<\/p>\n\n\n\n<p><strong>Dissociabilit\u00e9<\/strong><br><br>Dans le cas o\u00f9 une disposition des pr\u00e9sentes Conditions G\u00e9n\u00e9rales de Vente et d\u2019Utilisation serait jug\u00e9e comme \u00e9tant ill\u00e9gale, nulle ou inapplicable, cette disposition pourra n\u00e9anmoins \u00eatre appliqu\u00e9e dans la pleine mesure permise par la loi, et la partie non applicable devra \u00eatre consid\u00e9r\u00e9e comme \u00e9tant dissoci\u00e9e de ces Conditions G\u00e9n\u00e9rales de Vente et d\u2019Utilisation, cette dissociation ne devra pas affecter la validit\u00e9 et l\u2019applicabilit\u00e9 de toutes les autres dispositions restantes.<\/p>\n\n\n\n<p>Les int\u00e9grations d\u2019images et\/ou photos le sont pour des raisons de compr\u00e9hension et d\u2019illustration&nbsp; des sujets \u00e9voqu\u00e9s et non \u00e0 des fins commerciales. Elles proviennent g\u00e9n\u00e9ralement de banque d\u2019images.<\/p>\n\n\n\n<p>Toute int\u00e9gration d\u2019images et\/ou photos non-libres de droits, sur <a href=\"https:\/\/universmineral.fr\/\">OKINAWA SOINS<\/a>, seraient totalement fortuite et imm\u00e9diatement retir\u00e9e sur demande de son auteur.<\/p>\n\n\n\n<p><strong>L&#8217;internaute s&#8217;engage en outre :<\/strong><br>&#8211; \u00e0 ne pas utiliser les services propos\u00e9s par <a href=\"https:\/\/universmineral.fr\/\">OKINAWA SOINS<\/a> ou les donn\u00e9es personnelles auxquelles il pourrait acc\u00e9der \u00e0 des fins de commerce et, d&#8217;une mani\u00e8re g\u00e9n\u00e9rale, de proposer des produits et services le r\u00e9mun\u00e9rant d&#8217;une mani\u00e8re directe ou indirecte,<br>&#8211; \u00e0 ne pas restreindre par quelque moyen que ce soit l&#8217;utilisation du site <a href=\"https:\/\/universmineral.fr\/\">OKINAWA SOINS<\/a>, \u00e0 ne falsifier aucune mention ou \u00e9l\u00e9ment de ce site,<br>&#8211; \u00e0 ne pas s&#8217;introduire dans un syst\u00e8me informatique, \u00e0 ne pas en alt\u00e9rer le contenu, ou commettre l&#8217;une quelconque des infractions r\u00e9prim\u00e9es par les articles 323-1 \u00e0 323-7 du Code P\u00e9nal (&#8220;hacking&#8221;),<br>&#8211; \u00e0 ne pas proc\u00e9der \u00e0 l&#8217;envoi en nombre de messages non sollicit\u00e9s dans les bo\u00eetes aux lettres des autres internautes (&#8220;spamming&#8221;).<\/p>\n\n\n\n<p>Les reproductions, les transmissions, les modifications, les r\u00e9utilisations \u00e0 des fins publicitaires, commerciales ou d&#8217;information, de tout ou partie du site, sont totalement interdites. Le logo ou photos appartenant \u00e0 <a href=\"https:\/\/universmineral.fr\/\">OKINAWA SOINS<\/a> ne peuvent \u00eatre modifi\u00e9s \u2013 proportions, couleurs, \u00e9l\u00e9ments, constituants \u2013 et ne peut \u00eatre sujet \u00e0 aucune transformation, animation ou tout autre processus. Toute personne ne respectant pas les dispositions l\u00e9gales applicables se rend coupable du d\u00e9lit de contrefa\u00e7on et est passible des sanctions p\u00e9nales pr\u00e9vues par la loi.<\/p>\n\n\n\n<p><strong>NETIQUETTE<\/strong><\/p>\n\n\n\n<p>L&#8217;internaute est parfaitement inform\u00e9 de l&#8217;existence des r\u00e8gles et usages en vigueur sur Internet, connu sous le nom de &#8220;Netiquette&#8221; ainsi que des diff\u00e9rents codes de d\u00e9ontologie accessibles sur Internet.<\/p>\n\n\n\n<h5 class=\"wp-block-heading\">&nbsp;<\/h5>\n\n\n\n<h3 class=\"wp-block-heading\"><strong>Disponibilit\u00e9 des services<\/strong><\/h3>\n\n\n\n<p><a href=\"https:\/\/universmineral.fr\/\">OKINAWA SOINS<\/a> s&#8217;efforce, dans la mesure du possible, de maintenir accessibles les services 7 jours sur 7 et 24 heures sur 24, mais peut interrompre l&#8217;acc\u00e8s, notamment pour des raisons de maintenance et de mise \u00e0 niveau, ou pour toute autre raison, notamment techniques. <a href=\"https:\/\/universmineral.fr\/\">OKINAWA SOINS<\/a> n&#8217;est en aucun cas responsable de ces interruptions et des cons\u00e9quences qui peuvent en d\u00e9couler pour l&#8217;internaute ou tout tiers. Il est rappel\u00e9 que <a href=\"https:\/\/universmineral.fr\/\">OKINAWA SOINS<\/a> peut \u00e0 tout moment mettre fin \u00e0 ses services ou en modifier leurs caract\u00e9ristiques notamment pour des raisons techniques, et cela sans pr\u00e9avis.<\/p>\n\n\n\n<p><strong> Limitation de la responsabilit\u00e9<\/strong><\/p>\n\n\n\n<p>Les informations contenues sur ce site sont aussi pr\u00e9cises que possible et le site est p\u00e9riodiquement remis \u00e0 jour, mais peut toutefois contenir des inexactitudes, des omissions ou des lacunes. Si vous constatez une erreur ou ce qui peut \u00eatre un dysfonctionnement, merci de bien vouloir le signaler par email en d\u00e9crivant le probl\u00e8me de la mani\u00e8re la plus pr\u00e9cise possible.<br>Tout contenu t\u00e9l\u00e9charg\u00e9 se fait aux risques et p\u00e9rils de l&#8217;utilisateur et sous sa seule responsabilit\u00e9. En cons\u00e9quence, <a href=\"https:\/\/universmineral.fr\/\">OKINAWA SOINS<\/a> ne saurait \u00eatre tenue responsable d&#8217;un quelconque dommage subi par l&#8217;ordinateur de l&#8217;utilisateur ou d&#8217;une quelconque perte de donn\u00e9es cons\u00e9cutives au t\u00e9l\u00e9chargement. Les photos sont non contractuelles.<br>Les liens hypertextes mis en place sur ce site internet en direction d&#8217;autres sites internet ne sauraient engager la responsabilit\u00e9 <a href=\"https:\/\/universmineral.fr\/\">OKINAWA SOINS<\/a>.<\/p>\n\n\n\n<h3 class=\"wp-block-heading\"><strong>Collecte et protection des donn\u00e9es<\/strong> (Voir la page &#8216;Mentions L\u00e9gale&#8217;)<\/h3>\n\n\n\n<p>Vos donn\u00e9es sont collect\u00e9es par <a href=\"https:\/\/universmineral.fr\/\">OKINAWA SOINS<\/a>.<br>Une donn\u00e9e \u00e0 caract\u00e8re personnel d\u00e9signe toute information concernant une personne physique identifi\u00e9e ou identifiable (personne concern\u00e9e); est r\u00e9put\u00e9e identifiable une personne qui peut \u00eatre identifi\u00e9e, directement ou indirectement, notamment par r\u00e9f\u00e9rence \u00e0 un nom, un num\u00e9ro d&#8217;identification ou \u00e0 un ou plusieurs \u00e9l\u00e9ments sp\u00e9cifiques, propres \u00e0 son identit\u00e9 physique, physiologique, g\u00e9n\u00e9tique, psychique, \u00e9conomique, culturelle ou sociale.<br>Les informations personnelles pouvant \u00eatre recueillies sur le site sont principalement utilis\u00e9es par <a href=\"https:\/\/universmineral.fr\/\">OKINAWA SOINS<\/a> pour la gestion des relations avec vous et dans le but de pouvoir exercer les services propos\u00e9s ci-dessus.<\/p>\n\n\n\n<h3 class=\"wp-block-heading has-text-align-center\"><strong>Les donn\u00e9es personnelles collect\u00e9es dans les formulaires de contact sont les suivantes :<\/strong><\/h3>\n\n\n\n<ul class=\"wp-block-list\">\n<li>Nom et pr\u00e9nom<\/li>\n\n\n\n<li>Adresse mail<\/li>\n\n\n\n<li>Num\u00e9ro de t\u00e9l\u00e9phone<\/li>\n\n\n\n<li>Message personnel<\/li>\n<\/ul>\n\n\n\n<p>Afin de traiter votre demande, <a href=\"https:\/\/universmineral.fr\/\">OKINAWA SOINS<\/a> devra effectuer un traitement des donn\u00e9es personnelles vous concernant. Les donn\u00e9es sont conserv\u00e9es pendant deux (2) ans \u00e0 compter de notre dernier contact et sont destin\u00e9es exclusivement \u00e0 <a href=\"https:\/\/universmineral.fr\/\">OKINAWA SOINS<\/a>, elles ne seront pas transmises \u00e0 des tiers.<\/p>\n\n\n\n<p>En renseignant votre email, vous affirmez avoir pris connaissance de nos mentions l\u00e9gales. Votre email sera conserv\u00e9 tant que vous ne nous ferez pas la demande de suppression de cette donn\u00e9e<\/p>\n\n\n\n<p><a href=\"https:\/\/universmineral.fr\/\">OKINAWA SOINS<\/a> s&#8217;engage \u00e0 pr\u00e9server la confidentialit\u00e9 des informations fournies par l\u2019acheteur, qu&#8217;il serait amen\u00e9 \u00e0 transmettre pour l&#8217;utilisation de certains services. Toute information le concernant est soumise aux dispositions de la loi n\u00b0 78-17 du 6 janvier 1978. A ce titre, l&#8217;internaute dispose d&#8217;un droit d&#8217;acc\u00e8s, de modification et de suppression des informations le concernant. Il peut en faire la demande \u00e0 tout moment par courriel \u00e0 l\u2019adresse suivante : okinawa-soinsenergetic-bzh.com<\/p>\n<\/div>\n<\/div>\n\n\n\n<div class=\"wp-block-columns is-layout-flex wp-container-core-columns-is-layout-9d6595d7 wp-block-columns-is-layout-flex\">\n<div class=\"wp-block-column is-layout-flow wp-block-column-is-layout-flow\">\n<h3 class=\"wp-block-heading\"><strong>Commentaires\/WORDPRESS<\/strong><\/h3>\n\n\n\n<p>Quand vous laissez un commentaire sur notre site, les donn\u00e9es inscrites dans le formulaire de commentaire, ainsi que votre adresse IP et l\u2019agent utilisateur de votre navigateur sont collect\u00e9s pour nous aider \u00e0 la d\u00e9tection des commentaires ind\u00e9sirables.<\/p>\n\n\n\n<p>Une cha\u00eene anonymis\u00e9e cr\u00e9\u00e9e \u00e0 partir de votre adresse e-mail (\u00e9galement appel\u00e9e hash) peut \u00eatre envoy\u00e9e au service Gravatar pour v\u00e9rifier si vous utilisez ce dernier. Les clauses de confidentialit\u00e9 du service Gravatar sont disponibles ici&nbsp;: https:\/\/automattic.com\/privacy\/. Apr\u00e8s validation de votre commentaire, votre photo de profil sera visible publiquement \u00e0 cot\u00e9 de votre commentaire.<\/p>\n\n\n\n<p><strong>Cookies<\/strong><\/p>\n\n\n\n<p>Si vous d\u00e9posez un commentaire sur notre site, il vous sera propos\u00e9 d\u2019enregistrer votre nom, adresse e-mail et site dans des cookies. C\u2019est uniquement pour votre confort afin de ne pas avoir \u00e0 saisir ces informations si vous d\u00e9posez un autre commentaire plus tard. Ces cookies expirent au bout d\u2019un an.<\/p>\n\n\n\n<p><strong>Contenu embarqu\u00e9 depuis d\u2019autres sites<\/strong><\/p>\n\n\n\n<p>Les articles de ce site peuvent inclure des contenus int\u00e9gr\u00e9s (par exemple des vid\u00e9os, images, articles\u2026). Le contenu int\u00e9gr\u00e9 depuis d\u2019autres sites se comporte de la m\u00eame mani\u00e8re que si le visiteur se rendait sur cet autre site.<\/p>\n\n\n\n<p>Ces sites web pourraient collecter des donn\u00e9es sur vous, utiliser des cookies, embarquer des outils de suivis tiers, suivre vos interactions avec ces contenus embarqu\u00e9s si vous disposez d\u2019un compte connect\u00e9 sur leur site web.<\/p>\n\n\n\n<p><strong>Dur\u00e9es de stockage de vos donn\u00e9es<\/strong><\/p>\n\n\n\n<p>Si vous laissez un commentaire, le commentaire et ses m\u00e9tadonn\u00e9es sont conserv\u00e9s ind\u00e9finiment. Cela permet de reconna\u00eetre et approuver automatiquement les commentaires suivants au lieu de les laisser dans la file de mod\u00e9ration.<\/p>\n\n\n\n<p><strong>Les droits que vous avez sur vos donn\u00e9es<\/strong><\/p>\n\n\n\n<p>Si vous avez un compte ou si vous avez laiss\u00e9 des commentaires sur le site, vous pouvez demander \u00e0 recevoir un fichier contenant toutes les donn\u00e9es personnelles que nous poss\u00e9dons \u00e0 votre sujet, incluant celles que vous nous avez fournies. Vous pouvez \u00e9galement demander la suppression des donn\u00e9es personnelles vous concernant. Cela ne prend pas en compte les donn\u00e9es stock\u00e9es \u00e0 des fins administratives, l\u00e9gales ou pour des raisons de s\u00e9curit\u00e9.<\/p>\n\n\n\n<h3 class=\"wp-block-heading\"><strong>O\u00f9 vos donn\u00e9es sont envoy\u00e9es<\/strong><\/h3>\n\n\n\n<p>Les commentaires des visiteurs peuvent \u00eatre v\u00e9rifi\u00e9s \u00e0 l\u2019aide d\u2019un service automatis\u00e9 de d\u00e9tection des commentaires ind\u00e9sirables.<\/p>\n<\/div>\n<\/div>\n","protected":false},"excerpt":{"rendered":"<p>INFORMATION, POLITIQUE DE CONFIDENTIALITE, CONDITIONS GENERALES DE VENTE MENTIONS LEGALES D\u00e9nomination &nbsp;: OKINAWA SOINS SIREN : 948415427 Code APE : 9609Z Statut&nbsp;: MICRO ENTREPRISE SIRET&#8230;<\/p>\n<div class=\"more-link-wrapper\"><a class=\"more-link\" href=\"https:\/\/therapy-deokinaw-abzh.com\/?page_id=2\">Continue reading<span class=\"screen-reader-text\">Conditions G\u00e9n\u00e9rales de Vente<\/span><\/a><\/div>\n","protected":false},"author":1,"featured_media":0,"parent":0,"menu_order":0,"comment_status":"closed","ping_status":"closed","template":"","meta":{"footnotes":""},"class_list":["post-2","page","type-page","status-publish","hentry","entry"],"_links":{"self":[{"href":"https:\/\/therapy-deokinaw-abzh.com\/index.php?rest_route=\/wp\/v2\/pages\/2","targetHints":{"allow":["GET"]}}],"collection":[{"href":"https:\/\/therapy-deokinaw-abzh.com\/index.php?rest_route=\/wp\/v2\/pages"}],"about":[{"href":"https:\/\/therapy-deokinaw-abzh.com\/index.php?rest_route=\/wp\/v2\/types\/page"}],"author":[{"embeddable":true,"href":"https:\/\/therapy-deokinaw-abzh.com\/index.php?rest_route=\/wp\/v2\/users\/1"}],"replies":[{"embeddable":true,"href":"https:\/\/therapy-deokinaw-abzh.com\/index.php?rest_route=%2Fwp%2Fv2%2Fcomments&post=2"}],"version-history":[{"count":19,"href":"https:\/\/therapy-deokinaw-abzh.com\/index.php?rest_route=\/wp\/v2\/pages\/2\/revisions"}],"predecessor-version":[{"id":687,"href":"https:\/\/therapy-deokinaw-abzh.com\/index.php?rest_route=\/wp\/v2\/pages\/2\/revisions\/687"}],"wp:attachment":[{"href":"https:\/\/therapy-deokinaw-abzh.com\/index.php?rest_route=%2Fwp%2Fv2%2Fmedia&parent=2"}],"curies":[{"name":"wp","href":"https:\/\/api.w.org\/{rel}","templated":true}]}}